{"id":438,"date":"2026-01-28T13:27:20","date_gmt":"2026-01-28T10:27:20","guid":{"rendered":"https:\/\/sunlinepergola.com\/?page_id=438"},"modified":"2026-03-21T13:26:43","modified_gmt":"2026-03-21T10:26:43","slug":"motorised-roller-blind","status":"publish","type":"page","link":"https:\/\/sunlinepergola.com\/en\/motorised-roller-blind\/","title":{"rendered":"Motorised Roller Blind"},"content":{"rendered":"\t\t<div data-elementor-type=\"wp-page\" data-elementor-id=\"438\" class=\"elementor elementor-438\" data-elementor-post-type=\"page\">\n\t\t\t\t\t\t<section data-ekitparallax=\"{&quot;ekit_section_parallax_bg&quot;:&quot;yes&quot;,&quot;ekit_section_parallax_bg_speed&quot;:0.5,&quot;elementor_lazy_load&quot;:&quot;1&quot;}\" class=\"elementor-section elementor-top-section elementor-element elementor-element-1febed17 elementor-section-height-min-height elementor-section-content-middle elementor-section-boxed elementor-section-height-default elementor-section-items-middle\" data-id=\"1febed17\" data-element_type=\"section\" data-e-type=\"section\" data-settings=\"{&quot;background_background&quot;:&quot;classic&quot;,&quot;ekit_has_onepagescroll_dot&quot;:&quot;yes&quot;}\">\n\t\t\t\t\t\t\t<div class=\"elementor-background-overlay\"><\/div>\n\t\t\t\t\t\t\t<div class=\"elementor-container elementor-column-gap-default\">\n\t\t\t\t\t<div class=\"elementor-column elementor-col-100 elementor-top-column elementor-element elementor-element-69408e3b\" data-id=\"69408e3b\" data-element_type=\"column\" data-e-type=\"column\">\n\t\t\t<div class=\"elementor-widget-wrap elementor-element-populated\">\n\t\t\t\t\t\t<div class=\"elementor-element elementor-element-46acfdb2 elementor-widget elementor-widget-elementskit-heading\" data-id=\"46acfdb2\" data-element_type=\"widget\" data-e-type=\"widget\" data-settings=\"{&quot;ekit_we_effect_on&quot;:&quot;none&quot;}\" data-widget_type=\"elementskit-heading.default\">\n\t\t\t\t\t<div class=\"ekit-wid-con\" ><div class=\"ekit-heading elementskit-section-title-wraper text_center   ekit_heading_tablet-   ekit_heading_mobile-\"><h1 class=\"ekit-heading--title elementskit-section-title \">Motorised Awning Systems<\/h1><\/div><\/div>\t\t\t\t<\/div>\n\t\t\t\t<div class=\"elementor-element elementor-element-6feaed99 elementor-align-center elementor-widget elementor-widget-elementskit-page-list\" data-id=\"6feaed99\" data-element_type=\"widget\" data-e-type=\"widget\" data-settings=\"{&quot;ekit_we_effect_on&quot;:&quot;none&quot;}\" data-widget_type=\"elementskit-page-list.default\">\n\t\t\t\t<div class=\"elementor-widget-container\">\n\t\t\t\t\t<div class=\"ekit-wid-con\" >\t\t<div class=\"elementor-icon-list-items  elementor-inline-items\">\n\t\t\t\t\t\t\t<div class=\"elementor-icon-list-item   \">\n\t\t\t\t\t\t<a class=\"elementor-repeater-item-d072cac ekit_badge_left\" href=\"https:\/\/sunlinepergola.com\/en\/\">\n\t\t\t\t\t\t\t<div class=\"ekit_page_list_content\">\n\t\t\t\t\t\t\t\t\t\t\t\t\t\t\t\t<span class=\"elementor-icon-list-text\">\n\t\t\t\t\t\t\t\t\t<span class=\"ekit_page_list_title_title\">Home<\/span>\n\t\t\t\t\t\t\t\t\t\t\t\t\t\t\t\t\t<\/span>\n\t\t\t\t\t\t\t<\/div>\n\t\t\t\t\t\t\t\t\t\t\t\t\t<\/a>\n\t\t\t\t\t<\/div>\n\t\t\t\t\t\t\t\t<div class=\"elementor-icon-list-item   \">\n\t\t\t\t\t\t<a class=\"elementor-repeater-item-c682f5d ekit_badge_left\" href=\"https:\/\/sunlinepergola.com\/en\/motorised-awning-systems\/\">\n\t\t\t\t\t\t\t<div class=\"ekit_page_list_content\">\n\t\t\t\t\t\t\t\t\t\t\t\t\t\t\t\t\t<span class=\"elementor-icon-list-icon\">\n\t\t\t\t\t\t\t\t\t\t<i aria-hidden=\"true\" class=\"icon icon-right-arrow1\"><\/i>\t\t\t\t\t\t\t\t\t<\/span>\n\t\t\t\t\t\t\t\t\t\t\t\t\t\t\t\t<span class=\"elementor-icon-list-text\">\n\t\t\t\t\t\t\t\t\t<span class=\"ekit_page_list_title_title\">Motorised Awning Systems<\/span>\n\t\t\t\t\t\t\t\t\t\t\t\t\t\t\t\t\t<\/span>\n\t\t\t\t\t\t\t<\/div>\n\t\t\t\t\t\t\t\t\t\t\t\t\t<\/a>\n\t\t\t\t\t<\/div>\n\t\t\t\t\t\t<\/div>\n\t\t<\/div>\t\t\t\t<\/div>\n\t\t\t\t<\/div>\n\t\t\t\t\t<\/div>\n\t\t<\/div>\n\t\t\t\t\t<\/div>\n\t\t<\/section>\n\t\t<div class=\"elementor-element elementor-element-bb780e5 e-flex e-con-boxed e-con e-parent\" data-id=\"bb780e5\" data-element_type=\"container\" data-e-type=\"container\" data-settings=\"{&quot;ekit_has_onepagescroll_dot&quot;:&quot;yes&quot;}\">\n\t\t\t\t\t<div class=\"e-con-inner\">\n\t\t<div class=\"elementor-element elementor-element-d464e41 e-con-full e-flex e-con e-child\" data-id=\"d464e41\" data-element_type=\"container\" data-e-type=\"container\" data-settings=\"{&quot;ekit_has_onepagescroll_dot&quot;:&quot;yes&quot;}\">\n\t\t\t\t<div class=\"elementor-element elementor-element-7da78c2 elementor-widget elementor-widget-heading\" data-id=\"7da78c2\" data-element_type=\"widget\" data-e-type=\"widget\" data-settings=\"{&quot;ekit_we_effect_on&quot;:&quot;none&quot;}\" data-widget_type=\"heading.default\">\n\t\t\t\t\t<h2 class=\"elementor-heading-title elementor-size-default\">Motorised Awning Systems<\/h2>\t\t\t\t<\/div>\n\t\t\t\t<div class=\"elementor-element elementor-element-b638403 elementor-align-left elementor-widget elementor-widget-elementskit-button\" data-id=\"b638403\" data-element_type=\"widget\" data-e-type=\"widget\" data-settings=\"{&quot;ekit_we_effect_on&quot;:&quot;none&quot;}\" data-widget_type=\"elementskit-button.default\">\n\t\t\t\t\t<div class=\"ekit-wid-con\" >\t\t<div class=\"ekit-btn-wraper\">\n\t\t\t\t\t\t\t<a href=\"https:\/\/sunlinepergola.com\/en\/wp-content\/uploads\/2026\/01\/winperax-katalog.pdf\" class=\"elementskit-btn  whitespace--normal\" id=\"\">\n\t\t\t\t\tDOWNLOAD CATALOGUE <svg class=\"e-font-icon-svg e-fas-arrow-down\" viewBox=\"0 0 448 512\" xmlns=\"http:\/\/www.w3.org\/2000\/svg\"><path d=\"M413.1 222.5l22.2 22.2c9.4 9.4 9.4 24.6 0 33.9L241 473c-9.4 9.4-24.6 9.4-33.9 0L12.7 278.6c-9.4-9.4-9.4-24.6 0-33.9l22.2-22.2c9.5-9.5 25-9.3 34.3.4L184 343.4V56c0-13.3 10.7-24 24-24h32c13.3 0 24 10.7 24 24v287.4l114.8-120.5c9.3-9.8 24.8-10 34.3-.4z\"><\/path><\/svg>\t\t\t\t<\/a>\n\t\t\t\t\t<\/div>\n        <\/div>\t\t\t\t<\/div>\n\t\t\t\t<\/div>\n\t\t<div class=\"elementor-element elementor-element-2223bd0 e-con-full e-flex e-con e-child\" data-id=\"2223bd0\" data-element_type=\"container\" data-e-type=\"container\" data-settings=\"{&quot;ekit_has_onepagescroll_dot&quot;:&quot;yes&quot;}\">\n\t\t\t\t<div class=\"elementor-element elementor-element-b6c2515 elementor-widget elementor-widget-text-editor\" data-id=\"b6c2515\" data-element_type=\"widget\" data-e-type=\"widget\" data-settings=\"{&quot;ekit_we_effect_on&quot;:&quot;none&quot;}\" data-widget_type=\"text-editor.default\">\n\t\t\t\t\t\t\t\t\t<p>Roller blind systems are outdoor products that stand out for their modern design and high durability, forming part of motorised blind solutions. They offer practical and convenient use thanks to the blind fabric moving between aluminium side rails, as well as the motor and remote control receiver system positioned at the top.<\/p>\t\t\t\t\t\t\t\t<\/div>\n\t\t\t\t<\/div>\n\t\t\t\t\t<\/div>\n\t\t\t\t<\/div>\n\t\t<div class=\"elementor-element elementor-element-f37db89 e-flex e-con-boxed e-con e-parent\" data-id=\"f37db89\" data-element_type=\"container\" data-e-type=\"container\" data-settings=\"{&quot;ekit_has_onepagescroll_dot&quot;:&quot;yes&quot;}\">\n\t\t\t\t\t<div class=\"e-con-inner\">\n\t\t\t\t<div class=\"elementor-element elementor-element-369a92b elementor-widget elementor-widget-text-editor\" data-id=\"369a92b\" data-element_type=\"widget\" data-e-type=\"widget\" data-settings=\"{&quot;ekit_we_effect_on&quot;:&quot;none&quot;}\" data-widget_type=\"text-editor.default\">\n\t\t\t\t\t\t\t\t\t<p>Zip blinds, specially designed for outdoor use, provide an aesthetic appearance in villas, caf\u00e9s, restaurants and commercial spaces, whilst also offering functional solutions. Thanks to their high-quality fabric construction, they are resistant to adverse weather conditions such as wind, rain and snow. By effectively blocking out sunlight, they create a comfortable environment indoors.<\/p><p>Available in a variety of colours and fabric options, zip curtain systems complement the design of any space. Thanks to their motorised mechanism, they can be controlled effortlessly and quietly. Developed for outdoor use, zip curtains serve as a modern alternative to roller blind systems adapted for open spaces; with their high-quality construction, they offer long-lasting use and meet user expectations to the highest standard.<\/p>\t\t\t\t\t\t\t\t<\/div>\n\t\t\t\t\t<\/div>\n\t\t\t\t<\/div>\n\t\t<div class=\"elementor-element elementor-element-1c361b1 e-flex e-con-boxed e-con e-parent\" data-id=\"1c361b1\" data-element_type=\"container\" data-e-type=\"container\" data-settings=\"{&quot;ekit_has_onepagescroll_dot&quot;:&quot;yes&quot;}\">\n\t\t\t\t\t<div class=\"e-con-inner\">\n\t\t\t\t<div class=\"elementor-element elementor-element-b802e43 elementor-widget elementor-widget-heading\" data-id=\"b802e43\" data-element_type=\"widget\" data-e-type=\"widget\" data-settings=\"{&quot;ekit_we_effect_on&quot;:&quot;none&quot;}\" data-widget_type=\"heading.default\">\n\t\t\t\t\t<h2 class=\"elementor-heading-title elementor-size-default\">Our Zip Curtain Project Installations<\/h2>\t\t\t\t<\/div>\n\t\t\t\t\t<\/div>\n\t\t\t\t<\/div>\n\t\t<div class=\"elementor-element elementor-element-1c50604 e-flex e-con-boxed e-con e-parent\" data-id=\"1c50604\" data-element_type=\"container\" data-e-type=\"container\" data-settings=\"{&quot;ekit_has_onepagescroll_dot&quot;:&quot;yes&quot;}\">\n\t\t\t\t\t<div class=\"e-con-inner\">\n\t\t\t\t<div class=\"elementor-element elementor-element-ce01d6c elementor-widget elementor-widget-image-carousel\" data-id=\"ce01d6c\" data-element_type=\"widget\" data-e-type=\"widget\" data-settings=\"{&quot;slides_to_show&quot;:&quot;3&quot;,&quot;slides_to_scroll&quot;:&quot;1&quot;,&quot;navigation&quot;:&quot;none&quot;,&quot;autoplay_speed&quot;:2000,&quot;speed&quot;:200,&quot;autoplay&quot;:&quot;yes&quot;,&quot;pause_on_hover&quot;:&quot;yes&quot;,&quot;pause_on_interaction&quot;:&quot;yes&quot;,&quot;infinite&quot;:&quot;yes&quot;,&quot;image_spacing_custom&quot;:{&quot;unit&quot;:&quot;px&quot;,&quot;size&quot;:20,&quot;sizes&quot;:[]},&quot;image_spacing_custom_tablet&quot;:{&quot;unit&quot;:&quot;px&quot;,&quot;size&quot;:&quot;&quot;,&quot;sizes&quot;:[]},&quot;image_spacing_custom_mobile&quot;:{&quot;unit&quot;:&quot;px&quot;,&quot;size&quot;:&quot;&quot;,&quot;sizes&quot;:[]},&quot;ekit_we_effect_on&quot;:&quot;none&quot;}\" data-widget_type=\"image-carousel.default\">\n\t\t\t\t\t\t\t<div class=\"elementor-image-carousel-wrapper swiper\" role=\"region\" aria-roledescription=\"carousel\" aria-label=\"Resim D\u00f6ng\u00fcs\u00fc\" dir=\"ltr\">\n\t\t\t<div class=\"elementor-image-carousel swiper-wrapper\" aria-live=\"off\">\n\t\t\t\t\t\t\t\t<div class=\"swiper-slide\" role=\"group\" aria-roledescription=\"slide\" aria-label=\"1 \/ 5\"><a data-elementor-open-lightbox=\"yes\" data-elementor-lightbox-slideshow=\"ce01d6c\" data-elementor-lightbox-title=\"sunline-pergola-motorlu-zip-perde-img5\" data-e-action-hash=\"#elementor-action%3Aaction%3Dlightbox%26settings%3DeyJpZCI6NDQxLCJ1cmwiOiJodHRwczpcL1wvc3VubGluZXBlcmdvbGEuY29tXC9lblwvd3AtY29udGVudFwvdXBsb2Fkc1wvMjAyNlwvMDFcL3N1bmxpbmUtcGVyZ29sYS1tb3Rvcmx1LXppcC1wZXJkZS1pbWc1LndlYnAiLCJzbGlkZXNob3ciOiJjZTAxZDZjIn0%3D\" href=\"https:\/\/sunlinepergola.com\/en\/wp-content\/uploads\/2026\/01\/sunline-pergola-motorlu-zip-perde-img5.webp\"><figure class=\"swiper-slide-inner\"><img decoding=\"async\" class=\"swiper-slide-image\" src=\"https:\/\/sunlinepergola.com\/en\/wp-content\/uploads\/2026\/01\/sunline-pergola-motorlu-zip-perde-img5.webp\" alt=\"sunline-pergola-motorlu-zip-perde-img5\" \/><\/figure><\/a><\/div><div class=\"swiper-slide\" role=\"group\" aria-roledescription=\"slide\" aria-label=\"2 \/ 5\"><a data-elementor-open-lightbox=\"yes\" data-elementor-lightbox-slideshow=\"ce01d6c\" data-elementor-lightbox-title=\"sunline-pergola-motorlu-zip-perde-img1\" data-e-action-hash=\"#elementor-action%3Aaction%3Dlightbox%26settings%3DeyJpZCI6NDQyLCJ1cmwiOiJodHRwczpcL1wvc3VubGluZXBlcmdvbGEuY29tXC9lblwvd3AtY29udGVudFwvdXBsb2Fkc1wvMjAyNlwvMDFcL3N1bmxpbmUtcGVyZ29sYS1tb3Rvcmx1LXppcC1wZXJkZS1pbWcxLndlYnAiLCJzbGlkZXNob3ciOiJjZTAxZDZjIn0%3D\" href=\"https:\/\/sunlinepergola.com\/en\/wp-content\/uploads\/2026\/01\/sunline-pergola-motorlu-zip-perde-img1.webp\"><figure class=\"swiper-slide-inner\"><img decoding=\"async\" class=\"swiper-slide-image\" src=\"https:\/\/sunlinepergola.com\/en\/wp-content\/uploads\/2026\/01\/sunline-pergola-motorlu-zip-perde-img1.webp\" alt=\"sunline-pergola-motorlu-zip-perde-img1\" \/><\/figure><\/a><\/div><div class=\"swiper-slide\" role=\"group\" aria-roledescription=\"slide\" aria-label=\"3 \/ 5\"><a data-elementor-open-lightbox=\"yes\" data-elementor-lightbox-slideshow=\"ce01d6c\" data-elementor-lightbox-title=\"sunline-pergola-motorlu-zip-perde-img2\" data-e-action-hash=\"#elementor-action%3Aaction%3Dlightbox%26settings%3DeyJpZCI6NDQzLCJ1cmwiOiJodHRwczpcL1wvc3VubGluZXBlcmdvbGEuY29tXC9lblwvd3AtY29udGVudFwvdXBsb2Fkc1wvMjAyNlwvMDFcL3N1bmxpbmUtcGVyZ29sYS1tb3Rvcmx1LXppcC1wZXJkZS1pbWcyLndlYnAiLCJzbGlkZXNob3ciOiJjZTAxZDZjIn0%3D\" href=\"https:\/\/sunlinepergola.com\/en\/wp-content\/uploads\/2026\/01\/sunline-pergola-motorlu-zip-perde-img2.webp\"><figure class=\"swiper-slide-inner\"><img decoding=\"async\" class=\"swiper-slide-image\" src=\"https:\/\/sunlinepergola.com\/en\/wp-content\/uploads\/2026\/01\/sunline-pergola-motorlu-zip-perde-img2.webp\" alt=\"sunline-pergola-motorlu-zip-perde-img2\" \/><\/figure><\/a><\/div><div class=\"swiper-slide\" role=\"group\" aria-roledescription=\"slide\" aria-label=\"4 \/ 5\"><a data-elementor-open-lightbox=\"yes\" data-elementor-lightbox-slideshow=\"ce01d6c\" data-elementor-lightbox-title=\"sunline-pergola-motorlu-zip-perde-img3\" data-e-action-hash=\"#elementor-action%3Aaction%3Dlightbox%26settings%3DeyJpZCI6NDQ0LCJ1cmwiOiJodHRwczpcL1wvc3VubGluZXBlcmdvbGEuY29tXC9lblwvd3AtY29udGVudFwvdXBsb2Fkc1wvMjAyNlwvMDFcL3N1bmxpbmUtcGVyZ29sYS1tb3Rvcmx1LXppcC1wZXJkZS1pbWczLndlYnAiLCJzbGlkZXNob3ciOiJjZTAxZDZjIn0%3D\" href=\"https:\/\/sunlinepergola.com\/en\/wp-content\/uploads\/2026\/01\/sunline-pergola-motorlu-zip-perde-img3.webp\"><figure class=\"swiper-slide-inner\"><img decoding=\"async\" class=\"swiper-slide-image\" src=\"https:\/\/sunlinepergola.com\/en\/wp-content\/uploads\/2026\/01\/sunline-pergola-motorlu-zip-perde-img3.webp\" alt=\"sunline-pergola-motorlu-zip-perde-img3\" \/><\/figure><\/a><\/div><div class=\"swiper-slide\" role=\"group\" aria-roledescription=\"slide\" aria-label=\"5 \/ 5\"><a data-elementor-open-lightbox=\"yes\" data-elementor-lightbox-slideshow=\"ce01d6c\" data-elementor-lightbox-title=\"sunline-pergola-motorlu-zip-perde-img4\" data-e-action-hash=\"#elementor-action%3Aaction%3Dlightbox%26settings%3DeyJpZCI6NDQ1LCJ1cmwiOiJodHRwczpcL1wvc3VubGluZXBlcmdvbGEuY29tXC9lblwvd3AtY29udGVudFwvdXBsb2Fkc1wvMjAyNlwvMDFcL3N1bmxpbmUtcGVyZ29sYS1tb3Rvcmx1LXppcC1wZXJkZS1pbWc0LndlYnAiLCJzbGlkZXNob3ciOiJjZTAxZDZjIn0%3D\" href=\"https:\/\/sunlinepergola.com\/en\/wp-content\/uploads\/2026\/01\/sunline-pergola-motorlu-zip-perde-img4.webp\"><figure class=\"swiper-slide-inner\"><img decoding=\"async\" class=\"swiper-slide-image\" src=\"https:\/\/sunlinepergola.com\/en\/wp-content\/uploads\/2026\/01\/sunline-pergola-motorlu-zip-perde-img4.webp\" alt=\"sunline-pergola-motorlu-zip-perde-img4\" \/><\/figure><\/a><\/div>\t\t\t<\/div>\n\t\t\t\t\t\t\t\n\t\t\t\t\t\t\t\t\t<\/div>\n\t\t\t\t\t\t<\/div>\n\t\t\t\t\t<\/div>\n\t\t\t\t<\/div>\n\t\t<div class=\"elementor-element elementor-element-44e4c40 e-flex e-con-boxed e-con e-parent\" data-id=\"44e4c40\" data-element_type=\"container\" data-e-type=\"container\" data-settings=\"{&quot;ekit_has_onepagescroll_dot&quot;:&quot;yes&quot;}\">\n\t\t\t\t\t<div class=\"e-con-inner\">\n\t\t\t\t<div class=\"elementor-element elementor-element-c80b3db elementor-widget elementor-widget-heading\" data-id=\"c80b3db\" data-element_type=\"widget\" data-e-type=\"widget\" data-settings=\"{&quot;ekit_we_effect_on&quot;:&quot;none&quot;}\" data-widget_type=\"heading.default\">\n\t\t\t\t\t<h2 class=\"elementor-heading-title elementor-size-default\">Technical Specifications for the Zip Curtain System<\/h2>\t\t\t\t<\/div>\n\t\t\t\t\t<\/div>\n\t\t\t\t<\/div>\n\t\t<div class=\"elementor-element elementor-element-331fac5 e-flex e-con-boxed e-con e-parent\" data-id=\"331fac5\" data-element_type=\"container\" data-e-type=\"container\" data-settings=\"{&quot;ekit_has_onepagescroll_dot&quot;:&quot;yes&quot;}\">\n\t\t\t\t\t<div class=\"e-con-inner\">\n\t\t\t\t<div class=\"elementor-element elementor-element-a715b0b elementor-widget elementor-widget-text-editor\" data-id=\"a715b0b\" data-element_type=\"widget\" data-e-type=\"widget\" data-settings=\"{&quot;ekit_we_effect_on&quot;:&quot;none&quot;}\" data-widget_type=\"text-editor.default\">\n\t\t\t\t\t\t\t\t\t<ul><li data-start=\"200\" data-end=\"248\"><p>The system uses screen fabric.<\/p><\/li><li data-start=\"200\" data-end=\"248\"><p>The motor used is remote-controlled and CE-certified.<\/p><\/li><li data-start=\"200\" data-end=\"248\"><p>The system is designed to accommodate widths ranging from a minimum of 100 cm to a maximum of 450 cm.<\/p><\/li><li data-start=\"200\" data-end=\"248\"><p>The system features two vertical rail profiles. These profiles measure 49 \u00d7 49 mm and are manufactured from 6060 Hydr grade aluminium.<\/p><\/li><li data-start=\"200\" data-end=\"248\"><p>The system includes one horizontal motor housing profile. The profile measures 110 \u00d7 110 mm and is manufactured from 6060 Hydr grade aluminium.<\/p><\/li><li data-start=\"200\" data-end=\"248\"><p>The system includes one bottom rail profile. The bottom rail profile measures 50 \u00d7 40 mm and is manufactured from 6060 Hydr grade aluminium.<\/p><\/li><li data-start=\"200\" data-end=\"248\"><p>The system achieves balanced vertical movement (up and down) using motor power, aided by the weight of the lower eave profile.<\/p><\/li><li data-start=\"200\" data-end=\"248\"><p>All aluminium surfaces are finished with an electrostatic powder coating.<\/p><\/li><li data-start=\"200\" data-end=\"248\"><p>A 2-year warranty is provided for mechanical parts, automation and paintwork.<\/p><\/li><\/ul>\t\t\t\t\t\t\t\t<\/div>\n\t\t\t\t\t<\/div>\n\t\t\t\t<\/div>\n\t\t\t\t<section class=\"elementor-section elementor-top-section elementor-element elementor-element-654eda9 elementor-section-content-middle elementor-section-boxed elementor-section-height-default elementor-section-height-default\" data-id=\"654eda9\" data-element_type=\"section\" data-e-type=\"section\" data-settings=\"{&quot;background_background&quot;:&quot;classic&quot;,&quot;ekit_has_onepagescroll_dot&quot;:&quot;yes&quot;}\">\n\t\t\t\t\t\t\t<div class=\"elementor-background-overlay\"><\/div>\n\t\t\t\t\t\t\t<div class=\"elementor-container elementor-column-gap-no\">\n\t\t\t\t\t<div class=\"elementor-column elementor-col-50 elementor-top-column elementor-element elementor-element-3469ebe\" data-id=\"3469ebe\" data-element_type=\"column\" data-e-type=\"column\">\n\t\t\t<div class=\"elementor-widget-wrap elementor-element-populated\">\n\t\t\t\t\t\t<div class=\"elementor-element elementor-element-c89eb9f elementor-widget elementor-widget-heading\" data-id=\"c89eb9f\" data-element_type=\"widget\" data-e-type=\"widget\" data-settings=\"{&quot;ekit_we_effect_on&quot;:&quot;none&quot;}\" data-widget_type=\"heading.default\">\n\t\t\t\t\t<h2 class=\"elementor-heading-title elementor-size-default\">How can we help you?<\/h2>\t\t\t\t<\/div>\n\t\t\t\t<div class=\"elementor-element elementor-element-c54b497 elementor-widget elementor-widget-elementskit-heading\" data-id=\"c54b497\" data-element_type=\"widget\" data-e-type=\"widget\" data-settings=\"{&quot;ekit_we_effect_on&quot;:&quot;none&quot;}\" data-widget_type=\"elementskit-heading.default\">\n\t\t\t\t\t<div class=\"ekit-wid-con\" ><div class=\"ekit-heading elementskit-section-title-wraper text_left   ekit_heading_tablet-   ekit_heading_mobile-\"><h2 class=\"ekit-heading--title elementskit-section-title \">Get in touch now<\/h2><\/div><\/div>\t\t\t\t<\/div>\n\t\t\t\t<div class=\"elementor-element elementor-element-55fc1eb elementor-widget elementor-widget-text-editor\" data-id=\"55fc1eb\" data-element_type=\"widget\" data-e-type=\"widget\" data-settings=\"{&quot;ekit_we_effect_on&quot;:&quot;none&quot;}\" data-widget_type=\"text-editor.default\">\n\t\t\t\t\t\t\t\t\t<p>Please get in touch with us if you have any questions. Our professional team will be delighted to assist you.<\/p>\t\t\t\t\t\t\t\t<\/div>\n\t\t\t\t\t<\/div>\n\t\t<\/div>\n\t\t\t\t<div class=\"elementor-column elementor-col-50 elementor-top-column elementor-element elementor-element-7a844a0\" data-id=\"7a844a0\" data-element_type=\"column\" data-e-type=\"column\">\n\t\t\t<div class=\"elementor-widget-wrap elementor-element-populated\">\n\t\t\t\t\t\t<div class=\"elementor-element elementor-element-167327e elementor-widget-elementskit-dual-button-center elementor-widget elementor-widget-elementskit-dual-button\" data-id=\"167327e\" data-element_type=\"widget\" data-e-type=\"widget\" data-settings=\"{&quot;ekit_we_effect_on&quot;:&quot;none&quot;}\" data-widget_type=\"elementskit-dual-button.default\">\n\t\t\t\t\t<div class=\"ekit-wid-con\" >\n                <div class=\"ekit-element-align-wrapper\">\n                    <div class=\"ekit_double_button\">                <a class=\"ekit-double-btn ekit-double-btn-one\" href=\"https:\/\/sunlinepergola.com\/en\/contact\/\">\n                    <i aria-hidden=\"true\" class=\"icon icon-phone1\"><\/i>Contact Us                <\/a>\n            \n            <a class=\"ekit-double-btn ekit-double-btn-two\" href=\"https:\/\/sunlinepergola.com\/en\/our-services\/\">\n                    What do we do?                <\/a>\n                  <\/div>\n                <\/div>\n            <\/div>\t\t\t\t<\/div>\n\t\t\t\t\t<\/div>\n\t\t<\/div>\n\t\t\t\t\t<\/div>\n\t\t<\/section>\n\t\t\t\t<\/div>\n\t\t","protected":false},"excerpt":{"rendered":"<p>Motorised Awning Systems Home Motorised Awning Systems Motorised Awning Systems DOWNLOAD CATALOGUE Roller blind systems are outdoor products that stand out for their modern design and high durability, forming part of motorised blind solutions. They offer practical and convenient use thanks to the blind fabric moving between aluminium side rails, as well as the motor [&hellip;]<\/p>\n","protected":false},"author":1,"featured_media":0,"parent":0,"menu_order":0,"comment_status":"closed","ping_status":"closed","template":"elementor_header_footer","meta":{"footnotes":""},"class_list":["post-438","page","type-page","status-publish","hentry"],"_links":{"self":[{"href":"https:\/\/sunlinepergola.com\/en\/wp-json\/wp\/v2\/pages\/438","targetHints":{"allow":["GET"]}}],"collection":[{"href":"https:\/\/sunlinepergola.com\/en\/wp-json\/wp\/v2\/pages"}],"about":[{"href":"https:\/\/sunlinepergola.com\/en\/wp-json\/wp\/v2\/types\/page"}],"author":[{"embeddable":true,"href":"https:\/\/sunlinepergola.com\/en\/wp-json\/wp\/v2\/users\/1"}],"replies":[{"embeddable":true,"href":"https:\/\/sunlinepergola.com\/en\/wp-json\/wp\/v2\/comments?post=438"}],"version-history":[{"count":8,"href":"https:\/\/sunlinepergola.com\/en\/wp-json\/wp\/v2\/pages\/438\/revisions"}],"predecessor-version":[{"id":877,"href":"https:\/\/sunlinepergola.com\/en\/wp-json\/wp\/v2\/pages\/438\/revisions\/877"}],"wp:attachment":[{"href":"https:\/\/sunlinepergola.com\/en\/wp-json\/wp\/v2\/media?parent=438"}],"curies":[{"name":"wp","href":"https:\/\/api.w.org\/{rel}","templated":true}]}}