{"id":423,"date":"2026-01-28T13:09:59","date_gmt":"2026-01-28T10:09:59","guid":{"rendered":"https:\/\/sunlinepergola.com\/?page_id=423"},"modified":"2026-03-19T17:37:35","modified_gmt":"2026-03-19T14:37:35","slug":"insulated-glass-balcony","status":"publish","type":"page","link":"https:\/\/sunlinepergola.com\/en\/insulated-glass-balcony\/","title":{"rendered":"Insulated Glass Balcony"},"content":{"rendered":"\t\t<div data-elementor-type=\"wp-page\" data-elementor-id=\"423\" class=\"elementor elementor-423\" data-elementor-post-type=\"page\">\n\t\t\t\t\t\t<section data-ekitparallax=\"{&quot;ekit_section_parallax_bg&quot;:&quot;yes&quot;,&quot;ekit_section_parallax_bg_speed&quot;:0.5,&quot;elementor_lazy_load&quot;:&quot;1&quot;}\" class=\"elementor-section elementor-top-section elementor-element elementor-element-1febed17 elementor-section-height-min-height elementor-section-content-middle elementor-section-boxed elementor-section-height-default elementor-section-items-middle\" data-id=\"1febed17\" data-element_type=\"section\" data-e-type=\"section\" data-settings=\"{&quot;background_background&quot;:&quot;classic&quot;,&quot;ekit_has_onepagescroll_dot&quot;:&quot;yes&quot;}\">\n\t\t\t\t\t\t\t<div class=\"elementor-background-overlay\"><\/div>\n\t\t\t\t\t\t\t<div class=\"elementor-container elementor-column-gap-default\">\n\t\t\t\t\t<div class=\"elementor-column elementor-col-100 elementor-top-column elementor-element elementor-element-69408e3b\" data-id=\"69408e3b\" data-element_type=\"column\" data-e-type=\"column\">\n\t\t\t<div class=\"elementor-widget-wrap elementor-element-populated\">\n\t\t\t\t\t\t<div class=\"elementor-element elementor-element-46acfdb2 elementor-widget elementor-widget-elementskit-heading\" data-id=\"46acfdb2\" data-element_type=\"widget\" data-e-type=\"widget\" data-settings=\"{&quot;ekit_we_effect_on&quot;:&quot;none&quot;}\" data-widget_type=\"elementskit-heading.default\">\n\t\t\t\t\t<div class=\"ekit-wid-con\" ><div class=\"ekit-heading elementskit-section-title-wraper text_center   ekit_heading_tablet-   ekit_heading_mobile-\"><h1 class=\"ekit-heading--title elementskit-section-title \">Insulated Glass Balcony<\/h1><\/div><\/div>\t\t\t\t<\/div>\n\t\t\t\t<div class=\"elementor-element elementor-element-6feaed99 elementor-align-center elementor-widget elementor-widget-elementskit-page-list\" data-id=\"6feaed99\" data-element_type=\"widget\" data-e-type=\"widget\" data-settings=\"{&quot;ekit_we_effect_on&quot;:&quot;none&quot;}\" data-widget_type=\"elementskit-page-list.default\">\n\t\t\t\t<div class=\"elementor-widget-container\">\n\t\t\t\t\t<div class=\"ekit-wid-con\" >\t\t<div class=\"elementor-icon-list-items  elementor-inline-items\">\n\t\t\t\t\t\t\t<div class=\"elementor-icon-list-item   \">\n\t\t\t\t\t\t<a class=\"elementor-repeater-item-d072cac ekit_badge_left\" href=\"https:\/\/sunlinepergola.com\/en\/\">\n\t\t\t\t\t\t\t<div class=\"ekit_page_list_content\">\n\t\t\t\t\t\t\t\t\t\t\t\t\t\t\t\t<span class=\"elementor-icon-list-text\">\n\t\t\t\t\t\t\t\t\t<span class=\"ekit_page_list_title_title\">Home<\/span>\n\t\t\t\t\t\t\t\t\t\t\t\t\t\t\t\t\t<\/span>\n\t\t\t\t\t\t\t<\/div>\n\t\t\t\t\t\t\t\t\t\t\t\t\t<\/a>\n\t\t\t\t\t<\/div>\n\t\t\t\t\t\t\t\t<div class=\"elementor-icon-list-item   \">\n\t\t\t\t\t\t<a class=\"elementor-repeater-item-c682f5d ekit_badge_left\" href=\"https:\/\/sunlinepergola.com\/en\/insulated-glass-balcony\/\">\n\t\t\t\t\t\t\t<div class=\"ekit_page_list_content\">\n\t\t\t\t\t\t\t\t\t\t\t\t\t\t\t\t\t<span class=\"elementor-icon-list-icon\">\n\t\t\t\t\t\t\t\t\t\t<i aria-hidden=\"true\" class=\"icon icon-right-arrow1\"><\/i>\t\t\t\t\t\t\t\t\t<\/span>\n\t\t\t\t\t\t\t\t\t\t\t\t\t\t\t\t<span class=\"elementor-icon-list-text\">\n\t\t\t\t\t\t\t\t\t<span class=\"ekit_page_list_title_title\">Glass Balcony with Ultra Insulated Glazing<\/span>\n\t\t\t\t\t\t\t\t\t\t\t\t\t\t\t\t\t<\/span>\n\t\t\t\t\t\t\t<\/div>\n\t\t\t\t\t\t\t\t\t\t\t\t\t<\/a>\n\t\t\t\t\t<\/div>\n\t\t\t\t\t\t<\/div>\n\t\t<\/div>\t\t\t\t<\/div>\n\t\t\t\t<\/div>\n\t\t\t\t\t<\/div>\n\t\t<\/div>\n\t\t\t\t\t<\/div>\n\t\t<\/section>\n\t\t<div class=\"elementor-element elementor-element-bb780e5 e-flex e-con-boxed e-con e-parent\" data-id=\"bb780e5\" data-element_type=\"container\" data-e-type=\"container\" data-settings=\"{&quot;ekit_has_onepagescroll_dot&quot;:&quot;yes&quot;}\">\n\t\t\t\t\t<div class=\"e-con-inner\">\n\t\t<div class=\"elementor-element elementor-element-d464e41 e-con-full e-flex e-con e-child\" data-id=\"d464e41\" data-element_type=\"container\" data-e-type=\"container\" data-settings=\"{&quot;ekit_has_onepagescroll_dot&quot;:&quot;yes&quot;}\">\n\t\t\t\t<div class=\"elementor-element elementor-element-7da78c2 elementor-widget elementor-widget-heading\" data-id=\"7da78c2\" data-element_type=\"widget\" data-e-type=\"widget\" data-settings=\"{&quot;ekit_we_effect_on&quot;:&quot;none&quot;}\" data-widget_type=\"heading.default\">\n\t\t\t\t\t<h2 class=\"elementor-heading-title elementor-size-default\">Glass Balcony with Ultra Insulated Glazing<\/h2>\t\t\t\t<\/div>\n\t\t\t\t<div class=\"elementor-element elementor-element-b638403 elementor-align-left elementor-widget elementor-widget-elementskit-button\" data-id=\"b638403\" data-element_type=\"widget\" data-e-type=\"widget\" data-settings=\"{&quot;ekit_we_effect_on&quot;:&quot;none&quot;}\" data-widget_type=\"elementskit-button.default\">\n\t\t\t\t\t<div class=\"ekit-wid-con\" >\t\t<div class=\"ekit-btn-wraper\">\n\t\t\t\t\t\t\t<a href=\"https:\/\/sunlinepergola.com\/en\/wp-content\/uploads\/2026\/01\/winperax-katalog.pdf\" class=\"elementskit-btn  whitespace--normal\" id=\"\">\n\t\t\t\t\tDOWNLOAD CATALOGUE <svg class=\"e-font-icon-svg e-fas-arrow-down\" viewBox=\"0 0 448 512\" xmlns=\"http:\/\/www.w3.org\/2000\/svg\"><path d=\"M413.1 222.5l22.2 22.2c9.4 9.4 9.4 24.6 0 33.9L241 473c-9.4 9.4-24.6 9.4-33.9 0L12.7 278.6c-9.4-9.4-9.4-24.6 0-33.9l22.2-22.2c9.5-9.5 25-9.3 34.3.4L184 343.4V56c0-13.3 10.7-24 24-24h32c13.3 0 24 10.7 24 24v287.4l114.8-120.5c9.3-9.8 24.8-10 34.3-.4z\"><\/path><\/svg>\t\t\t\t<\/a>\n\t\t\t\t\t<\/div>\n        <\/div>\t\t\t\t<\/div>\n\t\t\t\t<\/div>\n\t\t<div class=\"elementor-element elementor-element-2223bd0 e-con-full e-flex e-con e-child\" data-id=\"2223bd0\" data-element_type=\"container\" data-e-type=\"container\" data-settings=\"{&quot;ekit_has_onepagescroll_dot&quot;:&quot;yes&quot;}\">\n\t\t\t\t<div class=\"elementor-element elementor-element-b6c2515 elementor-widget elementor-widget-text-editor\" data-id=\"b6c2515\" data-element_type=\"widget\" data-e-type=\"widget\" data-settings=\"{&quot;ekit_we_effect_on&quot;:&quot;none&quot;}\" data-widget_type=\"text-editor.default\">\n\t\t\t\t\t\t\t\t\t<p>The Ultra Insulated Glazing Folding Glass System has been specially designed to minimise heat loss in enclosed spaces, a common issue with standard folding glass systems. The primary focus of this system is to maximise thermal, acoustic and water insulation.<\/p><p>The high-thermal-insulation glass structure utilises a 4+22+4 mm double-glazed unit with tempered glass on both sides. Aluminium spacer strips are fitted at the joints of the glass panels, whilst double-sided brush seals integrated into the aluminium components at each joint further enhance the insulation performance.<\/p>\t\t\t\t\t\t\t\t<\/div>\n\t\t\t\t<\/div>\n\t\t\t\t\t<\/div>\n\t\t\t\t<\/div>\n\t\t<div class=\"elementor-element elementor-element-f37db89 e-flex e-con-boxed e-con e-parent\" data-id=\"f37db89\" data-element_type=\"container\" data-e-type=\"container\" data-settings=\"{&quot;ekit_has_onepagescroll_dot&quot;:&quot;yes&quot;}\">\n\t\t\t\t\t<div class=\"e-con-inner\">\n\t\t\t\t<div class=\"elementor-element elementor-element-369a92b elementor-widget elementor-widget-text-editor\" data-id=\"369a92b\" data-element_type=\"widget\" data-e-type=\"widget\" data-settings=\"{&quot;ekit_we_effect_on&quot;:&quot;none&quot;}\" data-widget_type=\"text-editor.default\">\n\t\t\t\t\t\t\t\t\t<p>The Ultra Insulated Glass System is the ideal solution for those wishing to convert their balcony into a room and make their living spaces usable all year round. Thanks to its high insulation properties, it not only saves energy but also enhances indoor comfort.<\/p><p>The Ultra Insulated Folding Glass System has been developed as part of R&amp;D efforts, with a focus on customer satisfaction, quality and ease of installation. The design and registration of the system\u2019s profiles have been patented by the Turkish Patent and Trademark Office (TPE).<\/p>\t\t\t\t\t\t\t\t<\/div>\n\t\t\t\t\t<\/div>\n\t\t\t\t<\/div>\n\t\t<div class=\"elementor-element elementor-element-1c361b1 e-flex e-con-boxed e-con e-parent\" data-id=\"1c361b1\" data-element_type=\"container\" data-e-type=\"container\" data-settings=\"{&quot;ekit_has_onepagescroll_dot&quot;:&quot;yes&quot;}\">\n\t\t\t\t\t<div class=\"e-con-inner\">\n\t\t\t\t<div class=\"elementor-element elementor-element-b802e43 elementor-widget elementor-widget-heading\" data-id=\"b802e43\" data-element_type=\"widget\" data-e-type=\"widget\" data-settings=\"{&quot;ekit_we_effect_on&quot;:&quot;none&quot;}\" data-widget_type=\"heading.default\">\n\t\t\t\t\t<h2 class=\"elementor-heading-title elementor-size-default\">Our Project Implementations<\/h2>\t\t\t\t<\/div>\n\t\t\t\t\t<\/div>\n\t\t\t\t<\/div>\n\t\t<div class=\"elementor-element elementor-element-1c50604 e-flex e-con-boxed e-con e-parent\" data-id=\"1c50604\" data-element_type=\"container\" data-e-type=\"container\" data-settings=\"{&quot;ekit_has_onepagescroll_dot&quot;:&quot;yes&quot;}\">\n\t\t\t\t\t<div class=\"e-con-inner\">\n\t\t\t\t<div class=\"elementor-element elementor-element-ce01d6c elementor-widget elementor-widget-image-carousel\" data-id=\"ce01d6c\" data-element_type=\"widget\" data-e-type=\"widget\" data-settings=\"{&quot;slides_to_show&quot;:&quot;3&quot;,&quot;slides_to_scroll&quot;:&quot;1&quot;,&quot;navigation&quot;:&quot;none&quot;,&quot;autoplay_speed&quot;:2000,&quot;speed&quot;:200,&quot;autoplay&quot;:&quot;yes&quot;,&quot;pause_on_hover&quot;:&quot;yes&quot;,&quot;pause_on_interaction&quot;:&quot;yes&quot;,&quot;infinite&quot;:&quot;yes&quot;,&quot;image_spacing_custom&quot;:{&quot;unit&quot;:&quot;px&quot;,&quot;size&quot;:20,&quot;sizes&quot;:[]},&quot;image_spacing_custom_tablet&quot;:{&quot;unit&quot;:&quot;px&quot;,&quot;size&quot;:&quot;&quot;,&quot;sizes&quot;:[]},&quot;image_spacing_custom_mobile&quot;:{&quot;unit&quot;:&quot;px&quot;,&quot;size&quot;:&quot;&quot;,&quot;sizes&quot;:[]},&quot;ekit_we_effect_on&quot;:&quot;none&quot;}\" data-widget_type=\"image-carousel.default\">\n\t\t\t\t\t\t\t<div class=\"elementor-image-carousel-wrapper swiper\" role=\"region\" aria-roledescription=\"carousel\" aria-label=\"Resim D\u00f6ng\u00fcs\u00fc\" dir=\"ltr\">\n\t\t\t<div class=\"elementor-image-carousel swiper-wrapper\" aria-live=\"off\">\n\t\t\t\t\t\t\t\t<div class=\"swiper-slide\" role=\"group\" aria-roledescription=\"slide\" aria-label=\"1 \/ 8\"><a data-elementor-open-lightbox=\"yes\" data-elementor-lightbox-slideshow=\"ce01d6c\" data-elementor-lightbox-title=\"sunline-pergola-isicamli-cam-balkon-img1\" data-e-action-hash=\"#elementor-action%3Aaction%3Dlightbox%26settings%3DeyJpZCI6NDI3LCJ1cmwiOiJodHRwczpcL1wvc3VubGluZXBlcmdvbGEuY29tXC9lblwvd3AtY29udGVudFwvdXBsb2Fkc1wvMjAyNlwvMDFcL3N1bmxpbmUtcGVyZ29sYS1pc2ljYW1saS1jYW0tYmFsa29uLWltZzEud2VicCIsInNsaWRlc2hvdyI6ImNlMDFkNmMifQ%3D%3D\" href=\"https:\/\/sunlinepergola.com\/en\/wp-content\/uploads\/2026\/01\/sunline-pergola-isicamli-cam-balkon-img1.webp\"><figure class=\"swiper-slide-inner\"><img decoding=\"async\" class=\"swiper-slide-image\" src=\"https:\/\/sunlinepergola.com\/en\/wp-content\/uploads\/2026\/01\/sunline-pergola-isicamli-cam-balkon-img1.webp\" alt=\"sunline-pergola-isicamli-cam-balkon-img1\" \/><\/figure><\/a><\/div><div class=\"swiper-slide\" role=\"group\" aria-roledescription=\"slide\" aria-label=\"2 \/ 8\"><a data-elementor-open-lightbox=\"yes\" data-elementor-lightbox-slideshow=\"ce01d6c\" data-elementor-lightbox-title=\"sunline-pergola-isicamli-cam-balkon-img8\" data-e-action-hash=\"#elementor-action%3Aaction%3Dlightbox%26settings%3DeyJpZCI6NDI4LCJ1cmwiOiJodHRwczpcL1wvc3VubGluZXBlcmdvbGEuY29tXC9lblwvd3AtY29udGVudFwvdXBsb2Fkc1wvMjAyNlwvMDFcL3N1bmxpbmUtcGVyZ29sYS1pc2ljYW1saS1jYW0tYmFsa29uLWltZzgud2VicCIsInNsaWRlc2hvdyI6ImNlMDFkNmMifQ%3D%3D\" href=\"https:\/\/sunlinepergola.com\/en\/wp-content\/uploads\/2026\/01\/sunline-pergola-isicamli-cam-balkon-img8.webp\"><figure class=\"swiper-slide-inner\"><img decoding=\"async\" class=\"swiper-slide-image\" src=\"https:\/\/sunlinepergola.com\/en\/wp-content\/uploads\/2026\/01\/sunline-pergola-isicamli-cam-balkon-img8.webp\" alt=\"sunline-pergola-isicamli-cam-balkon-img8\" \/><\/figure><\/a><\/div><div class=\"swiper-slide\" role=\"group\" aria-roledescription=\"slide\" aria-label=\"3 \/ 8\"><a data-elementor-open-lightbox=\"yes\" data-elementor-lightbox-slideshow=\"ce01d6c\" data-elementor-lightbox-title=\"sunline-pergola-isicamli-cam-balkon-img7\" data-e-action-hash=\"#elementor-action%3Aaction%3Dlightbox%26settings%3DeyJpZCI6NDI5LCJ1cmwiOiJodHRwczpcL1wvc3VubGluZXBlcmdvbGEuY29tXC9lblwvd3AtY29udGVudFwvdXBsb2Fkc1wvMjAyNlwvMDFcL3N1bmxpbmUtcGVyZ29sYS1pc2ljYW1saS1jYW0tYmFsa29uLWltZzcud2VicCIsInNsaWRlc2hvdyI6ImNlMDFkNmMifQ%3D%3D\" href=\"https:\/\/sunlinepergola.com\/en\/wp-content\/uploads\/2026\/01\/sunline-pergola-isicamli-cam-balkon-img7.webp\"><figure class=\"swiper-slide-inner\"><img decoding=\"async\" class=\"swiper-slide-image\" src=\"https:\/\/sunlinepergola.com\/en\/wp-content\/uploads\/2026\/01\/sunline-pergola-isicamli-cam-balkon-img7.webp\" alt=\"sunline-pergola-isicamli-cam-balkon-img7\" \/><\/figure><\/a><\/div><div class=\"swiper-slide\" role=\"group\" aria-roledescription=\"slide\" aria-label=\"4 \/ 8\"><a data-elementor-open-lightbox=\"yes\" data-elementor-lightbox-slideshow=\"ce01d6c\" data-elementor-lightbox-title=\"sunline-pergola-isicamli-cam-balkon-img6\" data-e-action-hash=\"#elementor-action%3Aaction%3Dlightbox%26settings%3DeyJpZCI6NDMwLCJ1cmwiOiJodHRwczpcL1wvc3VubGluZXBlcmdvbGEuY29tXC9lblwvd3AtY29udGVudFwvdXBsb2Fkc1wvMjAyNlwvMDFcL3N1bmxpbmUtcGVyZ29sYS1pc2ljYW1saS1jYW0tYmFsa29uLWltZzYud2VicCIsInNsaWRlc2hvdyI6ImNlMDFkNmMifQ%3D%3D\" href=\"https:\/\/sunlinepergola.com\/en\/wp-content\/uploads\/2026\/01\/sunline-pergola-isicamli-cam-balkon-img6.webp\"><figure class=\"swiper-slide-inner\"><img decoding=\"async\" class=\"swiper-slide-image\" src=\"https:\/\/sunlinepergola.com\/en\/wp-content\/uploads\/2026\/01\/sunline-pergola-isicamli-cam-balkon-img6.webp\" alt=\"sunline-pergola-isicamli-cam-balkon-img6\" \/><\/figure><\/a><\/div><div class=\"swiper-slide\" role=\"group\" aria-roledescription=\"slide\" aria-label=\"5 \/ 8\"><a data-elementor-open-lightbox=\"yes\" data-elementor-lightbox-slideshow=\"ce01d6c\" data-elementor-lightbox-title=\"sunline-pergola-isicamli-cam-balkon-img5\" data-e-action-hash=\"#elementor-action%3Aaction%3Dlightbox%26settings%3DeyJpZCI6NDMxLCJ1cmwiOiJodHRwczpcL1wvc3VubGluZXBlcmdvbGEuY29tXC9lblwvd3AtY29udGVudFwvdXBsb2Fkc1wvMjAyNlwvMDFcL3N1bmxpbmUtcGVyZ29sYS1pc2ljYW1saS1jYW0tYmFsa29uLWltZzUud2VicCIsInNsaWRlc2hvdyI6ImNlMDFkNmMifQ%3D%3D\" href=\"https:\/\/sunlinepergola.com\/en\/wp-content\/uploads\/2026\/01\/sunline-pergola-isicamli-cam-balkon-img5.webp\"><figure class=\"swiper-slide-inner\"><img decoding=\"async\" class=\"swiper-slide-image\" src=\"https:\/\/sunlinepergola.com\/en\/wp-content\/uploads\/2026\/01\/sunline-pergola-isicamli-cam-balkon-img5.webp\" alt=\"sunline-pergola-isicamli-cam-balkon-img5\" \/><\/figure><\/a><\/div><div class=\"swiper-slide\" role=\"group\" aria-roledescription=\"slide\" aria-label=\"6 \/ 8\"><a data-elementor-open-lightbox=\"yes\" data-elementor-lightbox-slideshow=\"ce01d6c\" data-elementor-lightbox-title=\"sunline-pergola-isicamli-cam-balkon-img4\" data-e-action-hash=\"#elementor-action%3Aaction%3Dlightbox%26settings%3DeyJpZCI6NDMyLCJ1cmwiOiJodHRwczpcL1wvc3VubGluZXBlcmdvbGEuY29tXC9lblwvd3AtY29udGVudFwvdXBsb2Fkc1wvMjAyNlwvMDFcL3N1bmxpbmUtcGVyZ29sYS1pc2ljYW1saS1jYW0tYmFsa29uLWltZzQud2VicCIsInNsaWRlc2hvdyI6ImNlMDFkNmMifQ%3D%3D\" href=\"https:\/\/sunlinepergola.com\/en\/wp-content\/uploads\/2026\/01\/sunline-pergola-isicamli-cam-balkon-img4.webp\"><figure class=\"swiper-slide-inner\"><img decoding=\"async\" class=\"swiper-slide-image\" src=\"https:\/\/sunlinepergola.com\/en\/wp-content\/uploads\/2026\/01\/sunline-pergola-isicamli-cam-balkon-img4.webp\" alt=\"sunline-pergola-isicamli-cam-balkon-img4\" \/><\/figure><\/a><\/div><div class=\"swiper-slide\" role=\"group\" aria-roledescription=\"slide\" aria-label=\"7 \/ 8\"><a data-elementor-open-lightbox=\"yes\" data-elementor-lightbox-slideshow=\"ce01d6c\" data-elementor-lightbox-title=\"sunline-pergola-isicamli-cam-balkon-img3\" data-e-action-hash=\"#elementor-action%3Aaction%3Dlightbox%26settings%3DeyJpZCI6NDMzLCJ1cmwiOiJodHRwczpcL1wvc3VubGluZXBlcmdvbGEuY29tXC9lblwvd3AtY29udGVudFwvdXBsb2Fkc1wvMjAyNlwvMDFcL3N1bmxpbmUtcGVyZ29sYS1pc2ljYW1saS1jYW0tYmFsa29uLWltZzMud2VicCIsInNsaWRlc2hvdyI6ImNlMDFkNmMifQ%3D%3D\" href=\"https:\/\/sunlinepergola.com\/en\/wp-content\/uploads\/2026\/01\/sunline-pergola-isicamli-cam-balkon-img3.webp\"><figure class=\"swiper-slide-inner\"><img decoding=\"async\" class=\"swiper-slide-image\" src=\"https:\/\/sunlinepergola.com\/en\/wp-content\/uploads\/2026\/01\/sunline-pergola-isicamli-cam-balkon-img3.webp\" alt=\"sunline-pergola-isicamli-cam-balkon-img3\" \/><\/figure><\/a><\/div><div class=\"swiper-slide\" role=\"group\" aria-roledescription=\"slide\" aria-label=\"8 \/ 8\"><a data-elementor-open-lightbox=\"yes\" data-elementor-lightbox-slideshow=\"ce01d6c\" data-elementor-lightbox-title=\"sunline-pergola-isicamli-cam-balkon-img2\" data-e-action-hash=\"#elementor-action%3Aaction%3Dlightbox%26settings%3DeyJpZCI6NDM0LCJ1cmwiOiJodHRwczpcL1wvc3VubGluZXBlcmdvbGEuY29tXC9lblwvd3AtY29udGVudFwvdXBsb2Fkc1wvMjAyNlwvMDFcL3N1bmxpbmUtcGVyZ29sYS1pc2ljYW1saS1jYW0tYmFsa29uLWltZzIud2VicCIsInNsaWRlc2hvdyI6ImNlMDFkNmMifQ%3D%3D\" href=\"https:\/\/sunlinepergola.com\/en\/wp-content\/uploads\/2026\/01\/sunline-pergola-isicamli-cam-balkon-img2.webp\"><figure class=\"swiper-slide-inner\"><img decoding=\"async\" class=\"swiper-slide-image\" src=\"https:\/\/sunlinepergola.com\/en\/wp-content\/uploads\/2026\/01\/sunline-pergola-isicamli-cam-balkon-img2.webp\" alt=\"sunline-pergola-isicamli-cam-balkon-img2\" \/><\/figure><\/a><\/div>\t\t\t<\/div>\n\t\t\t\t\t\t\t\n\t\t\t\t\t\t\t\t\t<\/div>\n\t\t\t\t\t\t<\/div>\n\t\t\t\t\t<\/div>\n\t\t\t\t<\/div>\n\t\t<div class=\"elementor-element elementor-element-44e4c40 e-flex e-con-boxed e-con e-parent\" data-id=\"44e4c40\" data-element_type=\"container\" data-e-type=\"container\" data-settings=\"{&quot;ekit_has_onepagescroll_dot&quot;:&quot;yes&quot;}\">\n\t\t\t\t\t<div class=\"e-con-inner\">\n\t\t\t\t<div class=\"elementor-element elementor-element-c80b3db elementor-widget elementor-widget-heading\" data-id=\"c80b3db\" data-element_type=\"widget\" data-e-type=\"widget\" data-settings=\"{&quot;ekit_we_effect_on&quot;:&quot;none&quot;}\" data-widget_type=\"heading.default\">\n\t\t\t\t\t<h2 class=\"elementor-heading-title elementor-size-default\">Technical Specifications for the Ultra Insulated Glass System<\/h2>\t\t\t\t<\/div>\n\t\t\t\t\t<\/div>\n\t\t\t\t<\/div>\n\t\t<div class=\"elementor-element elementor-element-331fac5 e-flex e-con-boxed e-con e-parent\" data-id=\"331fac5\" data-element_type=\"container\" data-e-type=\"container\" data-settings=\"{&quot;ekit_has_onepagescroll_dot&quot;:&quot;yes&quot;}\">\n\t\t\t\t\t<div class=\"e-con-inner\">\n\t\t\t\t<div class=\"elementor-element elementor-element-a715b0b elementor-widget elementor-widget-text-editor\" data-id=\"a715b0b\" data-element_type=\"widget\" data-e-type=\"widget\" data-settings=\"{&quot;ekit_we_effect_on&quot;:&quot;none&quot;}\" data-widget_type=\"text-editor.default\">\n\t\t\t\t\t\t\t\t\t<ol data-start=\"204\" data-end=\"1170\"><li data-start=\"204\" data-end=\"370\"><p>The system can be installed with a maximum width of 1,100 cm and a maximum height of 300 cm. The recommended maximum height is 250 cm.<\/p><\/li><li data-start=\"204\" data-end=\"370\"><p>Each wing is fitted with 4 wheels and 8 bearings. As the load is distributed evenly across the bearings, the system operates extremely smoothly and quietly.<\/p><\/li><li data-start=\"204\" data-end=\"370\"><p>The system features a design capable of operating on both the bottom and top tracks. The bottom housing utilises a specially designed groove system by WINPERAX, which prevents rainwater ingress.<\/p><\/li><li data-start=\"204\" data-end=\"370\"><p>In areas subject to strong winds, a 4+20+6 mm double-glazed tempered glass system can be installed on request.<\/p><\/li><li data-start=\"204\" data-end=\"370\"><p>The reason for leaving a 22 mm gap between the two panes is to allow for the installation of a louvred system. This enables the system to combine the functions of both a double-glazed and a louvred glass system.<\/p><p>All accessories used in the system are manufactured on CNC machines at our own factory.<\/p><\/li><\/ol>\t\t\t\t\t\t\t\t<\/div>\n\t\t\t\t\t<\/div>\n\t\t\t\t<\/div>\n\t\t\t\t<section class=\"elementor-section elementor-top-section elementor-element elementor-element-198132a elementor-section-content-middle elementor-section-boxed elementor-section-height-default elementor-section-height-default\" data-id=\"198132a\" data-element_type=\"section\" data-e-type=\"section\" data-settings=\"{&quot;background_background&quot;:&quot;classic&quot;,&quot;ekit_has_onepagescroll_dot&quot;:&quot;yes&quot;}\">\n\t\t\t\t\t\t\t<div class=\"elementor-background-overlay\"><\/div>\n\t\t\t\t\t\t\t<div class=\"elementor-container elementor-column-gap-no\">\n\t\t\t\t\t<div class=\"elementor-column elementor-col-50 elementor-top-column elementor-element elementor-element-a1c487c\" data-id=\"a1c487c\" data-element_type=\"column\" data-e-type=\"column\">\n\t\t\t<div class=\"elementor-widget-wrap elementor-element-populated\">\n\t\t\t\t\t\t<div class=\"elementor-element elementor-element-d7ea955 elementor-widget elementor-widget-heading\" data-id=\"d7ea955\" data-element_type=\"widget\" data-e-type=\"widget\" data-settings=\"{&quot;ekit_we_effect_on&quot;:&quot;none&quot;}\" data-widget_type=\"heading.default\">\n\t\t\t\t\t<h2 class=\"elementor-heading-title elementor-size-default\">How can we help you?<\/h2>\t\t\t\t<\/div>\n\t\t\t\t<div class=\"elementor-element elementor-element-f43fe18 elementor-widget elementor-widget-elementskit-heading\" data-id=\"f43fe18\" data-element_type=\"widget\" data-e-type=\"widget\" data-settings=\"{&quot;ekit_we_effect_on&quot;:&quot;none&quot;}\" data-widget_type=\"elementskit-heading.default\">\n\t\t\t\t\t<div class=\"ekit-wid-con\" ><div class=\"ekit-heading elementskit-section-title-wraper text_left   ekit_heading_tablet-   ekit_heading_mobile-\"><h2 class=\"ekit-heading--title elementskit-section-title \">Get in touch now<\/h2><\/div><\/div>\t\t\t\t<\/div>\n\t\t\t\t<div class=\"elementor-element elementor-element-27d74dd elementor-widget elementor-widget-text-editor\" data-id=\"27d74dd\" data-element_type=\"widget\" data-e-type=\"widget\" data-settings=\"{&quot;ekit_we_effect_on&quot;:&quot;none&quot;}\" data-widget_type=\"text-editor.default\">\n\t\t\t\t\t\t\t\t\t<p>Please get in touch with us if you have any questions. Our professional team will be delighted to assist you.<\/p>\t\t\t\t\t\t\t\t<\/div>\n\t\t\t\t\t<\/div>\n\t\t<\/div>\n\t\t\t\t<div class=\"elementor-column elementor-col-50 elementor-top-column elementor-element elementor-element-31d2bc0\" data-id=\"31d2bc0\" data-element_type=\"column\" data-e-type=\"column\">\n\t\t\t<div class=\"elementor-widget-wrap elementor-element-populated\">\n\t\t\t\t\t\t<div class=\"elementor-element elementor-element-f72545d elementor-widget-elementskit-dual-button-center elementor-widget elementor-widget-elementskit-dual-button\" data-id=\"f72545d\" data-element_type=\"widget\" data-e-type=\"widget\" data-settings=\"{&quot;ekit_we_effect_on&quot;:&quot;none&quot;}\" data-widget_type=\"elementskit-dual-button.default\">\n\t\t\t\t\t<div class=\"ekit-wid-con\" >\n                <div class=\"ekit-element-align-wrapper\">\n                    <div class=\"ekit_double_button\">                <a class=\"ekit-double-btn ekit-double-btn-one\" href=\"https:\/\/sunlinepergola.com\/en\/contact\/\">\n                    <i aria-hidden=\"true\" class=\"icon icon-phone1\"><\/i>Contact Us                <\/a>\n            \n            <a class=\"ekit-double-btn ekit-double-btn-two\" href=\"https:\/\/sunlinepergola.com\/en\/our-services\/\">\n                    What do we do?                <\/a>\n                  <\/div>\n                <\/div>\n            <\/div>\t\t\t\t<\/div>\n\t\t\t\t\t<\/div>\n\t\t<\/div>\n\t\t\t\t\t<\/div>\n\t\t<\/section>\n\t\t\t\t<\/div>\n\t\t","protected":false},"excerpt":{"rendered":"<p>Insulated Glass Balcony Home Glass Balcony with Ultra Insulated Glazing Glass Balcony with Ultra Insulated Glazing DOWNLOAD CATALOGUE The Ultra Insulated Glazing Folding Glass System has been specially designed to minimise heat loss in enclosed spaces, a common issue with standard folding glass systems. The primary focus of this system is to maximise thermal, acoustic [&hellip;]<\/p>\n","protected":false},"author":1,"featured_media":0,"parent":0,"menu_order":0,"comment_status":"closed","ping_status":"closed","template":"elementor_header_footer","meta":{"footnotes":""},"class_list":["post-423","page","type-page","status-publish","hentry"],"_links":{"self":[{"href":"https:\/\/sunlinepergola.com\/en\/wp-json\/wp\/v2\/pages\/423","targetHints":{"allow":["GET"]}}],"collection":[{"href":"https:\/\/sunlinepergola.com\/en\/wp-json\/wp\/v2\/pages"}],"about":[{"href":"https:\/\/sunlinepergola.com\/en\/wp-json\/wp\/v2\/types\/page"}],"author":[{"embeddable":true,"href":"https:\/\/sunlinepergola.com\/en\/wp-json\/wp\/v2\/users\/1"}],"replies":[{"embeddable":true,"href":"https:\/\/sunlinepergola.com\/en\/wp-json\/wp\/v2\/comments?post=423"}],"version-history":[{"count":8,"href":"https:\/\/sunlinepergola.com\/en\/wp-json\/wp\/v2\/pages\/423\/revisions"}],"predecessor-version":[{"id":871,"href":"https:\/\/sunlinepergola.com\/en\/wp-json\/wp\/v2\/pages\/423\/revisions\/871"}],"wp:attachment":[{"href":"https:\/\/sunlinepergola.com\/en\/wp-json\/wp\/v2\/media?parent=423"}],"curies":[{"name":"wp","href":"https:\/\/api.w.org\/{rel}","templated":true}]}}