{"id":406,"date":"2026-01-28T12:55:19","date_gmt":"2026-01-28T09:55:19","guid":{"rendered":"https:\/\/sunlinepergola.com\/?page_id=406"},"modified":"2026-03-21T13:41:29","modified_gmt":"2026-03-21T10:41:29","slug":"single-glazed-and-double-glazed-sliding-systems","status":"publish","type":"page","link":"https:\/\/sunlinepergola.com\/en\/single-glazed-and-double-glazed-sliding-systems\/","title":{"rendered":"Single glazed and double glazed sliding systems"},"content":{"rendered":"\t\t<div data-elementor-type=\"wp-page\" data-elementor-id=\"406\" class=\"elementor elementor-406\" data-elementor-post-type=\"page\">\n\t\t\t\t\t\t<section data-ekitparallax=\"{&quot;ekit_section_parallax_bg&quot;:&quot;yes&quot;,&quot;ekit_section_parallax_bg_speed&quot;:0.5,&quot;elementor_lazy_load&quot;:&quot;1&quot;}\" class=\"elementor-section elementor-top-section elementor-element elementor-element-1febed17 elementor-section-height-min-height elementor-section-content-middle elementor-section-boxed elementor-section-height-default elementor-section-items-middle\" data-id=\"1febed17\" data-element_type=\"section\" data-e-type=\"section\" data-settings=\"{&quot;background_background&quot;:&quot;classic&quot;,&quot;ekit_has_onepagescroll_dot&quot;:&quot;yes&quot;}\">\n\t\t\t\t\t\t\t<div class=\"elementor-background-overlay\"><\/div>\n\t\t\t\t\t\t\t<div class=\"elementor-container elementor-column-gap-default\">\n\t\t\t\t\t<div class=\"elementor-column elementor-col-100 elementor-top-column elementor-element elementor-element-69408e3b\" data-id=\"69408e3b\" data-element_type=\"column\" data-e-type=\"column\">\n\t\t\t<div class=\"elementor-widget-wrap elementor-element-populated\">\n\t\t\t\t\t\t<div class=\"elementor-element elementor-element-46acfdb2 elementor-widget elementor-widget-elementskit-heading\" data-id=\"46acfdb2\" data-element_type=\"widget\" data-e-type=\"widget\" data-settings=\"{&quot;ekit_we_effect_on&quot;:&quot;none&quot;}\" data-widget_type=\"elementskit-heading.default\">\n\t\t\t\t\t<div class=\"ekit-wid-con\" ><div class=\"ekit-heading elementskit-section-title-wraper text_center   ekit_heading_tablet-   ekit_heading_mobile-\"><h1 class=\"ekit-heading--title elementskit-section-title \">Glass Sliding Systems<\/h1><\/div><\/div>\t\t\t\t<\/div>\n\t\t\t\t<div class=\"elementor-element elementor-element-6feaed99 elementor-align-center elementor-widget elementor-widget-elementskit-page-list\" data-id=\"6feaed99\" data-element_type=\"widget\" data-e-type=\"widget\" data-settings=\"{&quot;ekit_we_effect_on&quot;:&quot;none&quot;}\" data-widget_type=\"elementskit-page-list.default\">\n\t\t\t\t<div class=\"elementor-widget-container\">\n\t\t\t\t\t<div class=\"ekit-wid-con\" >\t\t<div class=\"elementor-icon-list-items  elementor-inline-items\">\n\t\t\t\t\t\t\t<div class=\"elementor-icon-list-item   \">\n\t\t\t\t\t\t<a class=\"elementor-repeater-item-d072cac ekit_badge_left\" href=\"https:\/\/sunlinepergola.com\/en\/\">\n\t\t\t\t\t\t\t<div class=\"ekit_page_list_content\">\n\t\t\t\t\t\t\t\t\t\t\t\t\t\t\t\t<span class=\"elementor-icon-list-text\">\n\t\t\t\t\t\t\t\t\t<span class=\"ekit_page_list_title_title\">Home<\/span>\n\t\t\t\t\t\t\t\t\t\t\t\t\t\t\t\t\t<\/span>\n\t\t\t\t\t\t\t<\/div>\n\t\t\t\t\t\t\t\t\t\t\t\t\t<\/a>\n\t\t\t\t\t<\/div>\n\t\t\t\t\t\t\t\t<div class=\"elementor-icon-list-item   \">\n\t\t\t\t\t\t<a class=\"elementor-repeater-item-c682f5d ekit_badge_left\" href=\"https:\/\/sunlinepergola.com\/en\/single-glazed-and-double-glazed-sliding-systems\/\">\n\t\t\t\t\t\t\t<div class=\"ekit_page_list_content\">\n\t\t\t\t\t\t\t\t\t\t\t\t\t\t\t\t\t<span class=\"elementor-icon-list-icon\">\n\t\t\t\t\t\t\t\t\t\t<i aria-hidden=\"true\" class=\"icon icon-right-arrow1\"><\/i>\t\t\t\t\t\t\t\t\t<\/span>\n\t\t\t\t\t\t\t\t\t\t\t\t\t\t\t\t<span class=\"elementor-icon-list-text\">\n\t\t\t\t\t\t\t\t\t<span class=\"ekit_page_list_title_title\">Glass Sliding Systems<\/span>\n\t\t\t\t\t\t\t\t\t\t\t\t\t\t\t\t\t<\/span>\n\t\t\t\t\t\t\t<\/div>\n\t\t\t\t\t\t\t\t\t\t\t\t\t<\/a>\n\t\t\t\t\t<\/div>\n\t\t\t\t\t\t<\/div>\n\t\t<\/div>\t\t\t\t<\/div>\n\t\t\t\t<\/div>\n\t\t\t\t\t<\/div>\n\t\t<\/div>\n\t\t\t\t\t<\/div>\n\t\t<\/section>\n\t\t<div class=\"elementor-element elementor-element-bb780e5 e-flex e-con-boxed e-con e-parent\" data-id=\"bb780e5\" data-element_type=\"container\" data-e-type=\"container\" data-settings=\"{&quot;ekit_has_onepagescroll_dot&quot;:&quot;yes&quot;}\">\n\t\t\t\t\t<div class=\"e-con-inner\">\n\t\t<div class=\"elementor-element elementor-element-d464e41 e-con-full e-flex e-con e-child\" data-id=\"d464e41\" data-element_type=\"container\" data-e-type=\"container\" data-settings=\"{&quot;ekit_has_onepagescroll_dot&quot;:&quot;yes&quot;}\">\n\t\t\t\t<div class=\"elementor-element elementor-element-7da78c2 elementor-widget elementor-widget-heading\" data-id=\"7da78c2\" data-element_type=\"widget\" data-e-type=\"widget\" data-settings=\"{&quot;ekit_we_effect_on&quot;:&quot;none&quot;}\" data-widget_type=\"heading.default\">\n\t\t\t\t\t<h2 class=\"elementor-heading-title elementor-size-default\">Single-glazed and double-glazed sliding systems\n<\/h2>\t\t\t\t<\/div>\n\t\t\t\t<div class=\"elementor-element elementor-element-b638403 elementor-align-left elementor-widget elementor-widget-elementskit-button\" data-id=\"b638403\" data-element_type=\"widget\" data-e-type=\"widget\" data-settings=\"{&quot;ekit_we_effect_on&quot;:&quot;none&quot;}\" data-widget_type=\"elementskit-button.default\">\n\t\t\t\t\t<div class=\"ekit-wid-con\" >\t\t<div class=\"ekit-btn-wraper\">\n\t\t\t\t\t\t\t<a href=\"https:\/\/sunlinepergola.com\/en\/wp-content\/uploads\/2026\/01\/winperax-katalog.pdf\" class=\"elementskit-btn  whitespace--normal\" id=\"\">\n\t\t\t\t\tDOWNLOAD CATALOGUE <svg class=\"e-font-icon-svg e-fas-arrow-down\" viewBox=\"0 0 448 512\" xmlns=\"http:\/\/www.w3.org\/2000\/svg\"><path d=\"M413.1 222.5l22.2 22.2c9.4 9.4 9.4 24.6 0 33.9L241 473c-9.4 9.4-24.6 9.4-33.9 0L12.7 278.6c-9.4-9.4-9.4-24.6 0-33.9l22.2-22.2c9.5-9.5 25-9.3 34.3.4L184 343.4V56c0-13.3 10.7-24 24-24h32c13.3 0 24 10.7 24 24v287.4l114.8-120.5c9.3-9.8 24.8-10 34.3-.4z\"><\/path><\/svg>\t\t\t\t<\/a>\n\t\t\t\t\t<\/div>\n        <\/div>\t\t\t\t<\/div>\n\t\t\t\t<\/div>\n\t\t<div class=\"elementor-element elementor-element-2223bd0 e-con-full e-flex e-con e-child\" data-id=\"2223bd0\" data-element_type=\"container\" data-e-type=\"container\" data-settings=\"{&quot;ekit_has_onepagescroll_dot&quot;:&quot;yes&quot;}\">\n\t\t\t\t<div class=\"elementor-element elementor-element-b6c2515 elementor-widget elementor-widget-text-editor\" data-id=\"b6c2515\" data-element_type=\"widget\" data-e-type=\"widget\" data-settings=\"{&quot;ekit_we_effect_on&quot;:&quot;none&quot;}\" data-widget_type=\"text-editor.default\">\n\t\t\t\t\t\t\t\t\t<p>The supported sliding glass system is designed for safe use in homes, restaurants, caf\u00e9s and conservatories. The support profiles incorporated into the system ensure ultra-high durability, completely eliminating any flexing.<\/p>\t\t\t\t\t\t\t\t<\/div>\n\t\t\t\t<\/div>\n\t\t\t\t\t<\/div>\n\t\t\t\t<\/div>\n\t\t<div class=\"elementor-element elementor-element-f37db89 e-flex e-con-boxed e-con e-parent\" data-id=\"f37db89\" data-element_type=\"container\" data-e-type=\"container\" data-settings=\"{&quot;ekit_has_onepagescroll_dot&quot;:&quot;yes&quot;}\">\n\t\t\t\t\t<div class=\"e-con-inner\">\n\t\t\t\t<div class=\"elementor-element elementor-element-369a92b elementor-widget elementor-widget-text-editor\" data-id=\"369a92b\" data-element_type=\"widget\" data-e-type=\"widget\" data-settings=\"{&quot;ekit_we_effect_on&quot;:&quot;none&quot;}\" data-widget_type=\"text-editor.default\">\n\t\t\t\t\t\t\t\t\t<p data-start=\"157\" data-end=\"809\">The double-sided tempered glass used offers high impact resistance and maximises safety. Thanks to a range of glass options with different colours and technical specifications, thermal and acoustic insulation performance is enhanced, resulting in a more comfortable<\/p>\t\t\t\t\t\t\t\t<\/div>\n\t\t\t\t\t<\/div>\n\t\t\t\t<\/div>\n\t\t<div class=\"elementor-element elementor-element-1c361b1 e-flex e-con-boxed e-con e-parent\" data-id=\"1c361b1\" data-element_type=\"container\" data-e-type=\"container\" data-settings=\"{&quot;ekit_has_onepagescroll_dot&quot;:&quot;yes&quot;}\">\n\t\t\t\t\t<div class=\"e-con-inner\">\n\t\t\t\t<div class=\"elementor-element elementor-element-b802e43 elementor-widget elementor-widget-heading\" data-id=\"b802e43\" data-element_type=\"widget\" data-e-type=\"widget\" data-settings=\"{&quot;ekit_we_effect_on&quot;:&quot;none&quot;}\" data-widget_type=\"heading.default\">\n\t\t\t\t\t<h2 class=\"elementor-heading-title elementor-size-default\">Our Projects<\/h2>\t\t\t\t<\/div>\n\t\t\t\t\t<\/div>\n\t\t\t\t<\/div>\n\t\t<div class=\"elementor-element elementor-element-1c50604 e-flex e-con-boxed e-con e-parent\" data-id=\"1c50604\" data-element_type=\"container\" data-e-type=\"container\" data-settings=\"{&quot;ekit_has_onepagescroll_dot&quot;:&quot;yes&quot;}\">\n\t\t\t\t\t<div class=\"e-con-inner\">\n\t\t\t\t<div class=\"elementor-element elementor-element-ce01d6c elementor-widget elementor-widget-image-carousel\" data-id=\"ce01d6c\" data-element_type=\"widget\" data-e-type=\"widget\" data-settings=\"{&quot;slides_to_show&quot;:&quot;3&quot;,&quot;slides_to_scroll&quot;:&quot;1&quot;,&quot;navigation&quot;:&quot;none&quot;,&quot;autoplay_speed&quot;:2000,&quot;speed&quot;:200,&quot;autoplay&quot;:&quot;yes&quot;,&quot;pause_on_hover&quot;:&quot;yes&quot;,&quot;pause_on_interaction&quot;:&quot;yes&quot;,&quot;infinite&quot;:&quot;yes&quot;,&quot;image_spacing_custom&quot;:{&quot;unit&quot;:&quot;px&quot;,&quot;size&quot;:20,&quot;sizes&quot;:[]},&quot;image_spacing_custom_tablet&quot;:{&quot;unit&quot;:&quot;px&quot;,&quot;size&quot;:&quot;&quot;,&quot;sizes&quot;:[]},&quot;image_spacing_custom_mobile&quot;:{&quot;unit&quot;:&quot;px&quot;,&quot;size&quot;:&quot;&quot;,&quot;sizes&quot;:[]},&quot;ekit_we_effect_on&quot;:&quot;none&quot;}\" data-widget_type=\"image-carousel.default\">\n\t\t\t\t\t\t\t<div class=\"elementor-image-carousel-wrapper swiper\" role=\"region\" aria-roledescription=\"carousel\" aria-label=\"Resim D\u00f6ng\u00fcs\u00fc\" dir=\"ltr\">\n\t\t\t<div class=\"elementor-image-carousel swiper-wrapper\" aria-live=\"off\">\n\t\t\t\t\t\t\t\t<div class=\"swiper-slide\" role=\"group\" aria-roledescription=\"slide\" aria-label=\"1 \/ 7\"><a data-elementor-open-lightbox=\"yes\" data-elementor-lightbox-slideshow=\"ce01d6c\" data-elementor-lightbox-title=\"sunline-pergola-camli-surme-sistemleri-img7\" data-e-action-hash=\"#elementor-action%3Aaction%3Dlightbox%26settings%3DeyJpZCI6NDEwLCJ1cmwiOiJodHRwczpcL1wvc3VubGluZXBlcmdvbGEuY29tXC9lblwvd3AtY29udGVudFwvdXBsb2Fkc1wvMjAyNlwvMDFcL3N1bmxpbmUtcGVyZ29sYS1jYW1saS1zdXJtZS1zaXN0ZW1sZXJpLWltZzcud2VicCIsInNsaWRlc2hvdyI6ImNlMDFkNmMifQ%3D%3D\" href=\"https:\/\/sunlinepergola.com\/en\/wp-content\/uploads\/2026\/01\/sunline-pergola-camli-surme-sistemleri-img7.webp\"><figure class=\"swiper-slide-inner\"><img decoding=\"async\" class=\"swiper-slide-image\" src=\"https:\/\/sunlinepergola.com\/en\/wp-content\/uploads\/2026\/01\/sunline-pergola-camli-surme-sistemleri-img7.webp\" alt=\"sunline-pergola-camli-surme-sistemleri-img7\" \/><\/figure><\/a><\/div><div class=\"swiper-slide\" role=\"group\" aria-roledescription=\"slide\" aria-label=\"2 \/ 7\"><a data-elementor-open-lightbox=\"yes\" data-elementor-lightbox-slideshow=\"ce01d6c\" data-elementor-lightbox-title=\"sunline-pergola-camli-surme-sistemleri-img1\" data-e-action-hash=\"#elementor-action%3Aaction%3Dlightbox%26settings%3DeyJpZCI6NDExLCJ1cmwiOiJodHRwczpcL1wvc3VubGluZXBlcmdvbGEuY29tXC9lblwvd3AtY29udGVudFwvdXBsb2Fkc1wvMjAyNlwvMDFcL3N1bmxpbmUtcGVyZ29sYS1jYW1saS1zdXJtZS1zaXN0ZW1sZXJpLWltZzEud2VicCIsInNsaWRlc2hvdyI6ImNlMDFkNmMifQ%3D%3D\" href=\"https:\/\/sunlinepergola.com\/en\/wp-content\/uploads\/2026\/01\/sunline-pergola-camli-surme-sistemleri-img1.webp\"><figure class=\"swiper-slide-inner\"><img decoding=\"async\" class=\"swiper-slide-image\" src=\"https:\/\/sunlinepergola.com\/en\/wp-content\/uploads\/2026\/01\/sunline-pergola-camli-surme-sistemleri-img1.webp\" alt=\"sunline-pergola-camli-surme-sistemleri-img1\" \/><\/figure><\/a><\/div><div class=\"swiper-slide\" role=\"group\" aria-roledescription=\"slide\" aria-label=\"3 \/ 7\"><a data-elementor-open-lightbox=\"yes\" data-elementor-lightbox-slideshow=\"ce01d6c\" data-elementor-lightbox-title=\"sunline-pergola-camli-surme-sistemleri-img2\" data-e-action-hash=\"#elementor-action%3Aaction%3Dlightbox%26settings%3DeyJpZCI6NDEyLCJ1cmwiOiJodHRwczpcL1wvc3VubGluZXBlcmdvbGEuY29tXC9lblwvd3AtY29udGVudFwvdXBsb2Fkc1wvMjAyNlwvMDFcL3N1bmxpbmUtcGVyZ29sYS1jYW1saS1zdXJtZS1zaXN0ZW1sZXJpLWltZzIud2VicCIsInNsaWRlc2hvdyI6ImNlMDFkNmMifQ%3D%3D\" href=\"https:\/\/sunlinepergola.com\/en\/wp-content\/uploads\/2026\/01\/sunline-pergola-camli-surme-sistemleri-img2.webp\"><figure class=\"swiper-slide-inner\"><img decoding=\"async\" class=\"swiper-slide-image\" src=\"https:\/\/sunlinepergola.com\/en\/wp-content\/uploads\/2026\/01\/sunline-pergola-camli-surme-sistemleri-img2.webp\" alt=\"sunline-pergola-camli-surme-sistemleri-img2\" \/><\/figure><\/a><\/div><div class=\"swiper-slide\" role=\"group\" aria-roledescription=\"slide\" aria-label=\"4 \/ 7\"><a data-elementor-open-lightbox=\"yes\" data-elementor-lightbox-slideshow=\"ce01d6c\" data-elementor-lightbox-title=\"sunline-pergola-camli-surme-sistemleri-img3\" data-e-action-hash=\"#elementor-action%3Aaction%3Dlightbox%26settings%3DeyJpZCI6NDEzLCJ1cmwiOiJodHRwczpcL1wvc3VubGluZXBlcmdvbGEuY29tXC9lblwvd3AtY29udGVudFwvdXBsb2Fkc1wvMjAyNlwvMDFcL3N1bmxpbmUtcGVyZ29sYS1jYW1saS1zdXJtZS1zaXN0ZW1sZXJpLWltZzMud2VicCIsInNsaWRlc2hvdyI6ImNlMDFkNmMifQ%3D%3D\" href=\"https:\/\/sunlinepergola.com\/en\/wp-content\/uploads\/2026\/01\/sunline-pergola-camli-surme-sistemleri-img3.webp\"><figure class=\"swiper-slide-inner\"><img decoding=\"async\" class=\"swiper-slide-image\" src=\"https:\/\/sunlinepergola.com\/en\/wp-content\/uploads\/2026\/01\/sunline-pergola-camli-surme-sistemleri-img3.webp\" alt=\"sunline-pergola-camli-surme-sistemleri-img3\" \/><\/figure><\/a><\/div><div class=\"swiper-slide\" role=\"group\" aria-roledescription=\"slide\" aria-label=\"5 \/ 7\"><a data-elementor-open-lightbox=\"yes\" data-elementor-lightbox-slideshow=\"ce01d6c\" data-elementor-lightbox-title=\"sunline-pergola-camli-surme-sistemleri-img4\" data-e-action-hash=\"#elementor-action%3Aaction%3Dlightbox%26settings%3DeyJpZCI6NDE0LCJ1cmwiOiJodHRwczpcL1wvc3VubGluZXBlcmdvbGEuY29tXC9lblwvd3AtY29udGVudFwvdXBsb2Fkc1wvMjAyNlwvMDFcL3N1bmxpbmUtcGVyZ29sYS1jYW1saS1zdXJtZS1zaXN0ZW1sZXJpLWltZzQud2VicCIsInNsaWRlc2hvdyI6ImNlMDFkNmMifQ%3D%3D\" href=\"https:\/\/sunlinepergola.com\/en\/wp-content\/uploads\/2026\/01\/sunline-pergola-camli-surme-sistemleri-img4.webp\"><figure class=\"swiper-slide-inner\"><img decoding=\"async\" class=\"swiper-slide-image\" src=\"https:\/\/sunlinepergola.com\/en\/wp-content\/uploads\/2026\/01\/sunline-pergola-camli-surme-sistemleri-img4.webp\" alt=\"sunline-pergola-camli-surme-sistemleri-img4\" \/><\/figure><\/a><\/div><div class=\"swiper-slide\" role=\"group\" aria-roledescription=\"slide\" aria-label=\"6 \/ 7\"><a data-elementor-open-lightbox=\"yes\" data-elementor-lightbox-slideshow=\"ce01d6c\" data-elementor-lightbox-title=\"sunline-pergola-camli-surme-sistemleri-img5\" data-e-action-hash=\"#elementor-action%3Aaction%3Dlightbox%26settings%3DeyJpZCI6NDE1LCJ1cmwiOiJodHRwczpcL1wvc3VubGluZXBlcmdvbGEuY29tXC9lblwvd3AtY29udGVudFwvdXBsb2Fkc1wvMjAyNlwvMDFcL3N1bmxpbmUtcGVyZ29sYS1jYW1saS1zdXJtZS1zaXN0ZW1sZXJpLWltZzUud2VicCIsInNsaWRlc2hvdyI6ImNlMDFkNmMifQ%3D%3D\" href=\"https:\/\/sunlinepergola.com\/en\/wp-content\/uploads\/2026\/01\/sunline-pergola-camli-surme-sistemleri-img5.webp\"><figure class=\"swiper-slide-inner\"><img decoding=\"async\" class=\"swiper-slide-image\" src=\"https:\/\/sunlinepergola.com\/en\/wp-content\/uploads\/2026\/01\/sunline-pergola-camli-surme-sistemleri-img5.webp\" alt=\"sunline-pergola-camli-surme-sistemleri-img5\" \/><\/figure><\/a><\/div><div class=\"swiper-slide\" role=\"group\" aria-roledescription=\"slide\" aria-label=\"7 \/ 7\"><a data-elementor-open-lightbox=\"yes\" data-elementor-lightbox-slideshow=\"ce01d6c\" data-elementor-lightbox-title=\"sunline-pergola-camli-surme-sistemleri-img6\" data-e-action-hash=\"#elementor-action%3Aaction%3Dlightbox%26settings%3DeyJpZCI6NDE2LCJ1cmwiOiJodHRwczpcL1wvc3VubGluZXBlcmdvbGEuY29tXC9lblwvd3AtY29udGVudFwvdXBsb2Fkc1wvMjAyNlwvMDFcL3N1bmxpbmUtcGVyZ29sYS1jYW1saS1zdXJtZS1zaXN0ZW1sZXJpLWltZzYud2VicCIsInNsaWRlc2hvdyI6ImNlMDFkNmMifQ%3D%3D\" href=\"https:\/\/sunlinepergola.com\/en\/wp-content\/uploads\/2026\/01\/sunline-pergola-camli-surme-sistemleri-img6.webp\"><figure class=\"swiper-slide-inner\"><img decoding=\"async\" class=\"swiper-slide-image\" src=\"https:\/\/sunlinepergola.com\/en\/wp-content\/uploads\/2026\/01\/sunline-pergola-camli-surme-sistemleri-img6.webp\" alt=\"sunline-pergola-camli-surme-sistemleri-img6\" \/><\/figure><\/a><\/div>\t\t\t<\/div>\n\t\t\t\t\t\t\t\n\t\t\t\t\t\t\t\t\t<\/div>\n\t\t\t\t\t\t<\/div>\n\t\t\t\t\t<\/div>\n\t\t\t\t<\/div>\n\t\t<div class=\"elementor-element elementor-element-44e4c40 e-flex e-con-boxed e-con e-parent\" data-id=\"44e4c40\" data-element_type=\"container\" data-e-type=\"container\" data-settings=\"{&quot;ekit_has_onepagescroll_dot&quot;:&quot;yes&quot;}\">\n\t\t\t\t\t<div class=\"e-con-inner\">\n\t\t\t\t<div class=\"elementor-element elementor-element-c80b3db elementor-widget elementor-widget-heading\" data-id=\"c80b3db\" data-element_type=\"widget\" data-e-type=\"widget\" data-settings=\"{&quot;ekit_we_effect_on&quot;:&quot;none&quot;}\" data-widget_type=\"heading.default\">\n\t\t\t\t\t<h2 class=\"elementor-heading-title elementor-size-default\">Technical Specifications for the Assisted Driving System<\/h2>\t\t\t\t<\/div>\n\t\t\t\t\t<\/div>\n\t\t\t\t<\/div>\n\t\t<div class=\"elementor-element elementor-element-331fac5 e-flex e-con-boxed e-con e-parent\" data-id=\"331fac5\" data-element_type=\"container\" data-e-type=\"container\" data-settings=\"{&quot;ekit_has_onepagescroll_dot&quot;:&quot;yes&quot;}\">\n\t\t\t\t\t<div class=\"e-con-inner\">\n\t\t\t\t<div class=\"elementor-element elementor-element-a715b0b elementor-widget elementor-widget-text-editor\" data-id=\"a715b0b\" data-element_type=\"widget\" data-e-type=\"widget\" data-settings=\"{&quot;ekit_we_effect_on&quot;:&quot;none&quot;}\" data-widget_type=\"text-editor.default\">\n\t\t\t\t\t\t\t\t\t<ul><li data-start=\"209\" data-end=\"322\"><p>Thanks to the support profile used in the system, it can be installed at heights of up to 330 cm.<\/p><\/li><li data-start=\"209\" data-end=\"322\"><p>The system utilises double glazing with a 4+12+4 insulated glass unit combination.<\/p><\/li><li data-start=\"209\" data-end=\"322\"><p>The system is available with 2, 3, 4, 6 and 8-pane options.<\/p><\/li><li data-start=\"209\" data-end=\"322\"><p>The maximum width of a single module can be up to 11 metres.<\/p><\/li><li data-start=\"209\" data-end=\"322\"><p>Sash widths are designed to range from a minimum of 25 cm to a maximum of 130 cm.<\/p><\/li><li data-start=\"209\" data-end=\"322\"><p>The espagnolette lock and handle system ensures secure and easy operation.<\/p><\/li><li data-start=\"209\" data-end=\"322\"><p>Air insulation is provided by the brush seals used in the channels, maximising thermal performance.<\/p><\/li><li data-start=\"209\" data-end=\"322\"><p>The bearings used within the tracks have a steel body and are coated on the outer surface with grade A polyamide. This construction eliminates potential damage caused by friction and wear.<\/p><\/li><li data-start=\"209\" data-end=\"322\"><p>The system offers two different profile options: with a threshold for outdoor use and without a threshold for indoor use.<\/p><\/li><li data-start=\"209\" data-end=\"322\"><p>All plastic components used in the product are manufactured from A-grade polyamide material and are produced in our factory.<\/p><\/li><\/ul>\t\t\t\t\t\t\t\t<\/div>\n\t\t\t\t\t<\/div>\n\t\t\t\t<\/div>\n\t\t\t\t<section class=\"elementor-section elementor-top-section elementor-element elementor-element-51da13d elementor-section-content-middle elementor-section-boxed elementor-section-height-default elementor-section-height-default\" data-id=\"51da13d\" data-element_type=\"section\" data-e-type=\"section\" data-settings=\"{&quot;background_background&quot;:&quot;classic&quot;,&quot;ekit_has_onepagescroll_dot&quot;:&quot;yes&quot;}\">\n\t\t\t\t\t\t\t<div class=\"elementor-background-overlay\"><\/div>\n\t\t\t\t\t\t\t<div class=\"elementor-container elementor-column-gap-no\">\n\t\t\t\t\t<div class=\"elementor-column elementor-col-50 elementor-top-column elementor-element elementor-element-8c5bc27\" data-id=\"8c5bc27\" data-element_type=\"column\" data-e-type=\"column\">\n\t\t\t<div class=\"elementor-widget-wrap elementor-element-populated\">\n\t\t\t\t\t\t<div class=\"elementor-element elementor-element-c9da0ad elementor-widget elementor-widget-heading\" data-id=\"c9da0ad\" data-element_type=\"widget\" data-e-type=\"widget\" data-settings=\"{&quot;ekit_we_effect_on&quot;:&quot;none&quot;}\" data-widget_type=\"heading.default\">\n\t\t\t\t\t<h2 class=\"elementor-heading-title elementor-size-default\">How can we help you?<\/h2>\t\t\t\t<\/div>\n\t\t\t\t<div class=\"elementor-element elementor-element-b55a432 elementor-widget elementor-widget-elementskit-heading\" data-id=\"b55a432\" data-element_type=\"widget\" data-e-type=\"widget\" data-settings=\"{&quot;ekit_we_effect_on&quot;:&quot;none&quot;}\" data-widget_type=\"elementskit-heading.default\">\n\t\t\t\t\t<div class=\"ekit-wid-con\" ><div class=\"ekit-heading elementskit-section-title-wraper text_left   ekit_heading_tablet-   ekit_heading_mobile-\"><h2 class=\"ekit-heading--title elementskit-section-title \">Get in touch now<\/h2><\/div><\/div>\t\t\t\t<\/div>\n\t\t\t\t<div class=\"elementor-element elementor-element-2d94ae7 elementor-widget elementor-widget-text-editor\" data-id=\"2d94ae7\" data-element_type=\"widget\" data-e-type=\"widget\" data-settings=\"{&quot;ekit_we_effect_on&quot;:&quot;none&quot;}\" data-widget_type=\"text-editor.default\">\n\t\t\t\t\t\t\t\t\t<p>Please get in touch with us if you have any questions. Our professional team will be delighted to assist you.<\/p>\t\t\t\t\t\t\t\t<\/div>\n\t\t\t\t\t<\/div>\n\t\t<\/div>\n\t\t\t\t<div class=\"elementor-column elementor-col-50 elementor-top-column elementor-element elementor-element-444da16\" data-id=\"444da16\" data-element_type=\"column\" data-e-type=\"column\">\n\t\t\t<div class=\"elementor-widget-wrap elementor-element-populated\">\n\t\t\t\t\t\t<div class=\"elementor-element elementor-element-7259b93 elementor-widget-elementskit-dual-button-center elementor-widget elementor-widget-elementskit-dual-button\" data-id=\"7259b93\" data-element_type=\"widget\" data-e-type=\"widget\" data-settings=\"{&quot;ekit_we_effect_on&quot;:&quot;none&quot;}\" data-widget_type=\"elementskit-dual-button.default\">\n\t\t\t\t\t<div class=\"ekit-wid-con\" >\n                <div class=\"ekit-element-align-wrapper\">\n                    <div class=\"ekit_double_button\">                <a class=\"ekit-double-btn ekit-double-btn-one\" href=\"https:\/\/sunlinepergola.com\/en\/contact\/\">\n                    <i aria-hidden=\"true\" class=\"icon icon-phone1\"><\/i>Contact Us                <\/a>\n            \n            <a class=\"ekit-double-btn ekit-double-btn-two\" href=\"https:\/\/sunlinepergola.com\/en\/our-services\/\">\n                    What do we do?                <\/a>\n                  <\/div>\n                <\/div>\n            <\/div>\t\t\t\t<\/div>\n\t\t\t\t\t<\/div>\n\t\t<\/div>\n\t\t\t\t\t<\/div>\n\t\t<\/section>\n\t\t\t\t<\/div>\n\t\t","protected":false},"excerpt":{"rendered":"<p>Glass Sliding Systems Home Glass Sliding Systems Single-glazed and double-glazed sliding systems DOWNLOAD CATALOGUE The supported sliding glass system is designed for safe use in homes, restaurants, caf\u00e9s and conservatories. The support profiles incorporated into the system ensure ultra-high durability, completely eliminating any flexing. The double-sided tempered glass used offers high impact resistance and maximises [&hellip;]<\/p>\n","protected":false},"author":1,"featured_media":0,"parent":0,"menu_order":0,"comment_status":"closed","ping_status":"closed","template":"elementor_header_footer","meta":{"footnotes":""},"class_list":["post-406","page","type-page","status-publish","hentry"],"_links":{"self":[{"href":"https:\/\/sunlinepergola.com\/en\/wp-json\/wp\/v2\/pages\/406","targetHints":{"allow":["GET"]}}],"collection":[{"href":"https:\/\/sunlinepergola.com\/en\/wp-json\/wp\/v2\/pages"}],"about":[{"href":"https:\/\/sunlinepergola.com\/en\/wp-json\/wp\/v2\/types\/page"}],"author":[{"embeddable":true,"href":"https:\/\/sunlinepergola.com\/en\/wp-json\/wp\/v2\/users\/1"}],"replies":[{"embeddable":true,"href":"https:\/\/sunlinepergola.com\/en\/wp-json\/wp\/v2\/comments?post=406"}],"version-history":[{"count":8,"href":"https:\/\/sunlinepergola.com\/en\/wp-json\/wp\/v2\/pages\/406\/revisions"}],"predecessor-version":[{"id":889,"href":"https:\/\/sunlinepergola.com\/en\/wp-json\/wp\/v2\/pages\/406\/revisions\/889"}],"wp:attachment":[{"href":"https:\/\/sunlinepergola.com\/en\/wp-json\/wp\/v2\/media?parent=406"}],"curies":[{"name":"wp","href":"https:\/\/api.w.org\/{rel}","templated":true}]}}