{"id":323,"date":"2026-01-28T11:05:03","date_gmt":"2026-01-28T08:05:03","guid":{"rendered":"https:\/\/sunlinepergola.com\/?page_id=323"},"modified":"2026-03-19T17:26:55","modified_gmt":"2026-03-19T14:26:55","slug":"glass-roof-systems","status":"publish","type":"page","link":"https:\/\/sunlinepergola.com\/en\/glass-roof-systems\/","title":{"rendered":"Glass Roof Systems"},"content":{"rendered":"\t\t<div data-elementor-type=\"wp-page\" data-elementor-id=\"323\" class=\"elementor elementor-323\" data-elementor-post-type=\"page\">\n\t\t\t\t\t\t<section data-ekitparallax=\"{&quot;ekit_section_parallax_bg&quot;:&quot;yes&quot;,&quot;ekit_section_parallax_bg_speed&quot;:0.5,&quot;elementor_lazy_load&quot;:&quot;1&quot;}\" class=\"elementor-section elementor-top-section elementor-element elementor-element-1febed17 elementor-section-height-min-height elementor-section-content-middle elementor-section-boxed elementor-section-height-default elementor-section-items-middle\" data-id=\"1febed17\" data-element_type=\"section\" data-e-type=\"section\" data-settings=\"{&quot;background_background&quot;:&quot;classic&quot;,&quot;ekit_has_onepagescroll_dot&quot;:&quot;yes&quot;}\">\n\t\t\t\t\t\t\t<div class=\"elementor-background-overlay\"><\/div>\n\t\t\t\t\t\t\t<div class=\"elementor-container elementor-column-gap-default\">\n\t\t\t\t\t<div class=\"elementor-column elementor-col-100 elementor-top-column elementor-element elementor-element-69408e3b\" data-id=\"69408e3b\" data-element_type=\"column\" data-e-type=\"column\">\n\t\t\t<div class=\"elementor-widget-wrap elementor-element-populated\">\n\t\t\t\t\t\t<div class=\"elementor-element elementor-element-46acfdb2 elementor-widget elementor-widget-elementskit-heading\" data-id=\"46acfdb2\" data-element_type=\"widget\" data-e-type=\"widget\" data-settings=\"{&quot;ekit_we_effect_on&quot;:&quot;none&quot;}\" data-widget_type=\"elementskit-heading.default\">\n\t\t\t\t\t<div class=\"ekit-wid-con\" ><div class=\"ekit-heading elementskit-section-title-wraper text_center   ekit_heading_tablet-   ekit_heading_mobile-\"><h1 class=\"ekit-heading--title elementskit-section-title \">Glass Roof Systems<\/h1><\/div><\/div>\t\t\t\t<\/div>\n\t\t\t\t<div class=\"elementor-element elementor-element-6feaed99 elementor-align-center elementor-widget elementor-widget-elementskit-page-list\" data-id=\"6feaed99\" data-element_type=\"widget\" data-e-type=\"widget\" data-settings=\"{&quot;ekit_we_effect_on&quot;:&quot;none&quot;}\" data-widget_type=\"elementskit-page-list.default\">\n\t\t\t\t<div class=\"elementor-widget-container\">\n\t\t\t\t\t<div class=\"ekit-wid-con\" >\t\t<div class=\"elementor-icon-list-items  elementor-inline-items\">\n\t\t\t\t\t\t\t<div class=\"elementor-icon-list-item   \">\n\t\t\t\t\t\t<a class=\"elementor-repeater-item-d072cac ekit_badge_left\" href=\"https:\/\/sunlinepergola.com\/en\/\">\n\t\t\t\t\t\t\t<div class=\"ekit_page_list_content\">\n\t\t\t\t\t\t\t\t\t\t\t\t\t\t\t\t<span class=\"elementor-icon-list-text\">\n\t\t\t\t\t\t\t\t\t<span class=\"ekit_page_list_title_title\">Home<\/span>\n\t\t\t\t\t\t\t\t\t\t\t\t\t\t\t\t\t<\/span>\n\t\t\t\t\t\t\t<\/div>\n\t\t\t\t\t\t\t\t\t\t\t\t\t<\/a>\n\t\t\t\t\t<\/div>\n\t\t\t\t\t\t\t\t<div class=\"elementor-icon-list-item   \">\n\t\t\t\t\t\t<a class=\"elementor-repeater-item-c682f5d ekit_badge_left\" href=\"https:\/\/sunlinepergola.com\/en\/glass-roof-systems\/\">\n\t\t\t\t\t\t\t<div class=\"ekit_page_list_content\">\n\t\t\t\t\t\t\t\t\t\t\t\t\t\t\t\t\t<span class=\"elementor-icon-list-icon\">\n\t\t\t\t\t\t\t\t\t\t<i aria-hidden=\"true\" class=\"icon icon-right-arrow1\"><\/i>\t\t\t\t\t\t\t\t\t<\/span>\n\t\t\t\t\t\t\t\t\t\t\t\t\t\t\t\t<span class=\"elementor-icon-list-text\">\n\t\t\t\t\t\t\t\t\t<span class=\"ekit_page_list_title_title\">Glass Roof Systems<\/span>\n\t\t\t\t\t\t\t\t\t\t\t\t\t\t\t\t\t<\/span>\n\t\t\t\t\t\t\t<\/div>\n\t\t\t\t\t\t\t\t\t\t\t\t\t<\/a>\n\t\t\t\t\t<\/div>\n\t\t\t\t\t\t<\/div>\n\t\t<\/div>\t\t\t\t<\/div>\n\t\t\t\t<\/div>\n\t\t\t\t\t<\/div>\n\t\t<\/div>\n\t\t\t\t\t<\/div>\n\t\t<\/section>\n\t\t<div class=\"elementor-element elementor-element-bb780e5 e-flex e-con-boxed e-con e-parent\" data-id=\"bb780e5\" data-element_type=\"container\" data-e-type=\"container\" data-settings=\"{&quot;ekit_has_onepagescroll_dot&quot;:&quot;yes&quot;}\">\n\t\t\t\t\t<div class=\"e-con-inner\">\n\t\t<div class=\"elementor-element elementor-element-d464e41 e-con-full e-flex e-con e-child\" data-id=\"d464e41\" data-element_type=\"container\" data-e-type=\"container\" data-settings=\"{&quot;ekit_has_onepagescroll_dot&quot;:&quot;yes&quot;}\">\n\t\t\t\t<div class=\"elementor-element elementor-element-7da78c2 elementor-widget elementor-widget-heading\" data-id=\"7da78c2\" data-element_type=\"widget\" data-e-type=\"widget\" data-settings=\"{&quot;ekit_we_effect_on&quot;:&quot;none&quot;}\" data-widget_type=\"heading.default\">\n\t\t\t\t\t<h2 class=\"elementor-heading-title elementor-size-default\">Glass Roof Systems\n<\/h2>\t\t\t\t<\/div>\n\t\t\t\t<div class=\"elementor-element elementor-element-b638403 elementor-align-left elementor-widget elementor-widget-elementskit-button\" data-id=\"b638403\" data-element_type=\"widget\" data-e-type=\"widget\" data-settings=\"{&quot;ekit_we_effect_on&quot;:&quot;none&quot;}\" data-widget_type=\"elementskit-button.default\">\n\t\t\t\t\t<div class=\"ekit-wid-con\" >\t\t<div class=\"ekit-btn-wraper\">\n\t\t\t\t\t\t\t<a href=\"https:\/\/sunlinepergola.com\/en\/wp-content\/uploads\/2026\/01\/winperax-katalog.pdf\" class=\"elementskit-btn  whitespace--normal\" id=\"\">\n\t\t\t\t\tDOWNLOAD CATALOGUE <svg class=\"e-font-icon-svg e-fas-arrow-down\" viewBox=\"0 0 448 512\" xmlns=\"http:\/\/www.w3.org\/2000\/svg\"><path d=\"M413.1 222.5l22.2 22.2c9.4 9.4 9.4 24.6 0 33.9L241 473c-9.4 9.4-24.6 9.4-33.9 0L12.7 278.6c-9.4-9.4-9.4-24.6 0-33.9l22.2-22.2c9.5-9.5 25-9.3 34.3.4L184 343.4V56c0-13.3 10.7-24 24-24h32c13.3 0 24 10.7 24 24v287.4l114.8-120.5c9.3-9.8 24.8-10 34.3-.4z\"><\/path><\/svg>\t\t\t\t<\/a>\n\t\t\t\t\t<\/div>\n        <\/div>\t\t\t\t<\/div>\n\t\t\t\t<\/div>\n\t\t<div class=\"elementor-element elementor-element-2223bd0 e-con-full e-flex e-con e-child\" data-id=\"2223bd0\" data-element_type=\"container\" data-e-type=\"container\" data-settings=\"{&quot;ekit_has_onepagescroll_dot&quot;:&quot;yes&quot;}\">\n\t\t\t\t<div class=\"elementor-element elementor-element-b6c2515 elementor-widget elementor-widget-text-editor\" data-id=\"b6c2515\" data-element_type=\"widget\" data-e-type=\"widget\" data-settings=\"{&quot;ekit_we_effect_on&quot;:&quot;none&quot;}\" data-widget_type=\"text-editor.default\">\n\t\t\t\t\t\t\t\t\t<p>The Automatic Glass Roof System is a roof system that opens and closes via a remote control. The heat-insulated glass helps you save energy. It protects you from the cold and heat whilst allowing you to make the most of natural light. You can enjoy views of the sky by day and the stars by night. It transforms enclosed spaces into open-air areas.<\/p>\t\t\t\t\t\t\t\t<\/div>\n\t\t\t\t<\/div>\n\t\t\t\t\t<\/div>\n\t\t\t\t<\/div>\n\t\t<div class=\"elementor-element elementor-element-f37db89 e-flex e-con-boxed e-con e-parent\" data-id=\"f37db89\" data-element_type=\"container\" data-e-type=\"container\" data-settings=\"{&quot;ekit_has_onepagescroll_dot&quot;:&quot;yes&quot;}\">\n\t\t\t\t\t<div class=\"e-con-inner\">\n\t\t\t\t<div class=\"elementor-element elementor-element-369a92b elementor-widget elementor-widget-text-editor\" data-id=\"369a92b\" data-element_type=\"widget\" data-e-type=\"widget\" data-settings=\"{&quot;ekit_we_effect_on&quot;:&quot;none&quot;}\" data-widget_type=\"text-editor.default\">\n\t\t\t\t\t\t\t\t\t<p>Automatic glass roof systems are modern roofing solutions that offer users a high level of comfort thanks to their remote-controlled design. Insulated glass panels help keep spaces cool in summer and warm in winter, thereby saving energy.<\/p><p>By allowing sunlight to enter in a controlled manner, automatic glass roof systems make indoor spaces brighter and more airy, whilst also providing effective protection against rain, wind and external weather conditions. Frequently chosen for residential, restaurant, caf\u00e9 and commercial spaces, these systems create living areas suitable for use all year round, thanks to their aesthetic design and durable construction.<\/p>\t\t\t\t\t\t\t\t<\/div>\n\t\t\t\t\t<\/div>\n\t\t\t\t<\/div>\n\t\t<div class=\"elementor-element elementor-element-1c361b1 e-flex e-con-boxed e-con e-parent\" data-id=\"1c361b1\" data-element_type=\"container\" data-e-type=\"container\" data-settings=\"{&quot;ekit_has_onepagescroll_dot&quot;:&quot;yes&quot;}\">\n\t\t\t\t\t<div class=\"e-con-inner\">\n\t\t\t\t<div class=\"elementor-element elementor-element-b802e43 elementor-widget elementor-widget-heading\" data-id=\"b802e43\" data-element_type=\"widget\" data-e-type=\"widget\" data-settings=\"{&quot;ekit_we_effect_on&quot;:&quot;none&quot;}\" data-widget_type=\"heading.default\">\n\t\t\t\t\t<h2 class=\"elementor-heading-title elementor-size-default\">Our Project Implementations<\/h2>\t\t\t\t<\/div>\n\t\t\t\t\t<\/div>\n\t\t\t\t<\/div>\n\t\t<div class=\"elementor-element elementor-element-1c50604 e-flex e-con-boxed e-con e-parent\" data-id=\"1c50604\" data-element_type=\"container\" data-e-type=\"container\" data-settings=\"{&quot;ekit_has_onepagescroll_dot&quot;:&quot;yes&quot;}\">\n\t\t\t\t\t<div class=\"e-con-inner\">\n\t\t\t\t<div class=\"elementor-element elementor-element-ce01d6c elementor-widget elementor-widget-image-carousel\" data-id=\"ce01d6c\" data-element_type=\"widget\" data-e-type=\"widget\" data-settings=\"{&quot;slides_to_show&quot;:&quot;3&quot;,&quot;slides_to_scroll&quot;:&quot;1&quot;,&quot;navigation&quot;:&quot;none&quot;,&quot;autoplay_speed&quot;:2000,&quot;speed&quot;:200,&quot;autoplay&quot;:&quot;yes&quot;,&quot;pause_on_hover&quot;:&quot;yes&quot;,&quot;pause_on_interaction&quot;:&quot;yes&quot;,&quot;infinite&quot;:&quot;yes&quot;,&quot;image_spacing_custom&quot;:{&quot;unit&quot;:&quot;px&quot;,&quot;size&quot;:20,&quot;sizes&quot;:[]},&quot;image_spacing_custom_tablet&quot;:{&quot;unit&quot;:&quot;px&quot;,&quot;size&quot;:&quot;&quot;,&quot;sizes&quot;:[]},&quot;image_spacing_custom_mobile&quot;:{&quot;unit&quot;:&quot;px&quot;,&quot;size&quot;:&quot;&quot;,&quot;sizes&quot;:[]},&quot;ekit_we_effect_on&quot;:&quot;none&quot;}\" data-widget_type=\"image-carousel.default\">\n\t\t\t\t\t\t\t<div class=\"elementor-image-carousel-wrapper swiper\" role=\"region\" aria-roledescription=\"carousel\" aria-label=\"Resim D\u00f6ng\u00fcs\u00fc\" dir=\"ltr\">\n\t\t\t<div class=\"elementor-image-carousel swiper-wrapper\" aria-live=\"off\">\n\t\t\t\t\t\t\t\t<div class=\"swiper-slide\" role=\"group\" aria-roledescription=\"slide\" aria-label=\"1 \/ 6\"><a data-elementor-open-lightbox=\"yes\" data-elementor-lightbox-slideshow=\"ce01d6c\" data-elementor-lightbox-title=\"sunline-pergola-cam-tavan-sistemleri-img1\" data-e-action-hash=\"#elementor-action%3Aaction%3Dlightbox%26settings%3DeyJpZCI6MzI2LCJ1cmwiOiJodHRwczpcL1wvc3VubGluZXBlcmdvbGEuY29tXC9lblwvd3AtY29udGVudFwvdXBsb2Fkc1wvMjAyNlwvMDFcL3N1bmxpbmUtcGVyZ29sYS1jYW0tdGF2YW4tc2lzdGVtbGVyaS1pbWcxLndlYnAiLCJzbGlkZXNob3ciOiJjZTAxZDZjIn0%3D\" href=\"https:\/\/sunlinepergola.com\/en\/wp-content\/uploads\/2026\/01\/sunline-pergola-cam-tavan-sistemleri-img1.webp\"><figure class=\"swiper-slide-inner\"><img decoding=\"async\" class=\"swiper-slide-image\" src=\"https:\/\/sunlinepergola.com\/en\/wp-content\/uploads\/2026\/01\/sunline-pergola-cam-tavan-sistemleri-img1.webp\" alt=\"sunline-pergola-cam-tavan-sistemleri-img1\" \/><\/figure><\/a><\/div><div class=\"swiper-slide\" role=\"group\" aria-roledescription=\"slide\" aria-label=\"2 \/ 6\"><a data-elementor-open-lightbox=\"yes\" data-elementor-lightbox-slideshow=\"ce01d6c\" data-elementor-lightbox-title=\"sunline-pergola-cam-tavan-sistemleri-img2\" data-e-action-hash=\"#elementor-action%3Aaction%3Dlightbox%26settings%3DeyJpZCI6MzI3LCJ1cmwiOiJodHRwczpcL1wvc3VubGluZXBlcmdvbGEuY29tXC9lblwvd3AtY29udGVudFwvdXBsb2Fkc1wvMjAyNlwvMDFcL3N1bmxpbmUtcGVyZ29sYS1jYW0tdGF2YW4tc2lzdGVtbGVyaS1pbWcyLndlYnAiLCJzbGlkZXNob3ciOiJjZTAxZDZjIn0%3D\" href=\"https:\/\/sunlinepergola.com\/en\/wp-content\/uploads\/2026\/01\/sunline-pergola-cam-tavan-sistemleri-img2.webp\"><figure class=\"swiper-slide-inner\"><img decoding=\"async\" class=\"swiper-slide-image\" src=\"https:\/\/sunlinepergola.com\/en\/wp-content\/uploads\/2026\/01\/sunline-pergola-cam-tavan-sistemleri-img2.webp\" alt=\"sunline-pergola-cam-tavan-sistemleri-img2\" \/><\/figure><\/a><\/div><div class=\"swiper-slide\" role=\"group\" aria-roledescription=\"slide\" aria-label=\"3 \/ 6\"><a data-elementor-open-lightbox=\"yes\" data-elementor-lightbox-slideshow=\"ce01d6c\" data-elementor-lightbox-title=\"sunline-pergola-cam-tavan-sistemleri-img3\" data-e-action-hash=\"#elementor-action%3Aaction%3Dlightbox%26settings%3DeyJpZCI6MzI4LCJ1cmwiOiJodHRwczpcL1wvc3VubGluZXBlcmdvbGEuY29tXC9lblwvd3AtY29udGVudFwvdXBsb2Fkc1wvMjAyNlwvMDFcL3N1bmxpbmUtcGVyZ29sYS1jYW0tdGF2YW4tc2lzdGVtbGVyaS1pbWczLndlYnAiLCJzbGlkZXNob3ciOiJjZTAxZDZjIn0%3D\" href=\"https:\/\/sunlinepergola.com\/en\/wp-content\/uploads\/2026\/01\/sunline-pergola-cam-tavan-sistemleri-img3.webp\"><figure class=\"swiper-slide-inner\"><img decoding=\"async\" class=\"swiper-slide-image\" src=\"https:\/\/sunlinepergola.com\/en\/wp-content\/uploads\/2026\/01\/sunline-pergola-cam-tavan-sistemleri-img3.webp\" alt=\"sunline-pergola-cam-tavan-sistemleri-img3\" \/><\/figure><\/a><\/div><div class=\"swiper-slide\" role=\"group\" aria-roledescription=\"slide\" aria-label=\"4 \/ 6\"><a data-elementor-open-lightbox=\"yes\" data-elementor-lightbox-slideshow=\"ce01d6c\" data-elementor-lightbox-title=\"sunline-pergola-cam-tavan-sistemleri-img4\" data-e-action-hash=\"#elementor-action%3Aaction%3Dlightbox%26settings%3DeyJpZCI6MzI5LCJ1cmwiOiJodHRwczpcL1wvc3VubGluZXBlcmdvbGEuY29tXC9lblwvd3AtY29udGVudFwvdXBsb2Fkc1wvMjAyNlwvMDFcL3N1bmxpbmUtcGVyZ29sYS1jYW0tdGF2YW4tc2lzdGVtbGVyaS1pbWc0LndlYnAiLCJzbGlkZXNob3ciOiJjZTAxZDZjIn0%3D\" href=\"https:\/\/sunlinepergola.com\/en\/wp-content\/uploads\/2026\/01\/sunline-pergola-cam-tavan-sistemleri-img4.webp\"><figure class=\"swiper-slide-inner\"><img decoding=\"async\" class=\"swiper-slide-image\" src=\"https:\/\/sunlinepergola.com\/en\/wp-content\/uploads\/2026\/01\/sunline-pergola-cam-tavan-sistemleri-img4.webp\" alt=\"sunline-pergola-cam-tavan-sistemleri-img4\" \/><\/figure><\/a><\/div><div class=\"swiper-slide\" role=\"group\" aria-roledescription=\"slide\" aria-label=\"5 \/ 6\"><a data-elementor-open-lightbox=\"yes\" data-elementor-lightbox-slideshow=\"ce01d6c\" data-elementor-lightbox-title=\"sunline-pergola-cam-tavan-sistemleri-img5\" data-e-action-hash=\"#elementor-action%3Aaction%3Dlightbox%26settings%3DeyJpZCI6MzMwLCJ1cmwiOiJodHRwczpcL1wvc3VubGluZXBlcmdvbGEuY29tXC9lblwvd3AtY29udGVudFwvdXBsb2Fkc1wvMjAyNlwvMDFcL3N1bmxpbmUtcGVyZ29sYS1jYW0tdGF2YW4tc2lzdGVtbGVyaS1pbWc1LndlYnAiLCJzbGlkZXNob3ciOiJjZTAxZDZjIn0%3D\" href=\"https:\/\/sunlinepergola.com\/en\/wp-content\/uploads\/2026\/01\/sunline-pergola-cam-tavan-sistemleri-img5.webp\"><figure class=\"swiper-slide-inner\"><img decoding=\"async\" class=\"swiper-slide-image\" src=\"https:\/\/sunlinepergola.com\/en\/wp-content\/uploads\/2026\/01\/sunline-pergola-cam-tavan-sistemleri-img5.webp\" alt=\"sunline-pergola-cam-tavan-sistemleri-img5\" \/><\/figure><\/a><\/div><div class=\"swiper-slide\" role=\"group\" aria-roledescription=\"slide\" aria-label=\"6 \/ 6\"><a data-elementor-open-lightbox=\"yes\" data-elementor-lightbox-slideshow=\"ce01d6c\" data-elementor-lightbox-title=\"sunline-pergola-cam-tavan-sistemleri-img6\" data-e-action-hash=\"#elementor-action%3Aaction%3Dlightbox%26settings%3DeyJpZCI6MzMxLCJ1cmwiOiJodHRwczpcL1wvc3VubGluZXBlcmdvbGEuY29tXC9lblwvd3AtY29udGVudFwvdXBsb2Fkc1wvMjAyNlwvMDFcL3N1bmxpbmUtcGVyZ29sYS1jYW0tdGF2YW4tc2lzdGVtbGVyaS1pbWc2LndlYnAiLCJzbGlkZXNob3ciOiJjZTAxZDZjIn0%3D\" href=\"https:\/\/sunlinepergola.com\/en\/wp-content\/uploads\/2026\/01\/sunline-pergola-cam-tavan-sistemleri-img6.webp\"><figure class=\"swiper-slide-inner\"><img decoding=\"async\" class=\"swiper-slide-image\" src=\"https:\/\/sunlinepergola.com\/en\/wp-content\/uploads\/2026\/01\/sunline-pergola-cam-tavan-sistemleri-img6.webp\" alt=\"sunline-pergola-cam-tavan-sistemleri-img6\" \/><\/figure><\/a><\/div>\t\t\t<\/div>\n\t\t\t\t\t\t\t\n\t\t\t\t\t\t\t\t\t<\/div>\n\t\t\t\t\t\t<\/div>\n\t\t\t\t\t<\/div>\n\t\t\t\t<\/div>\n\t\t<div class=\"elementor-element elementor-element-44e4c40 e-flex e-con-boxed e-con e-parent\" data-id=\"44e4c40\" data-element_type=\"container\" data-e-type=\"container\" data-settings=\"{&quot;ekit_has_onepagescroll_dot&quot;:&quot;yes&quot;}\">\n\t\t\t\t\t<div class=\"e-con-inner\">\n\t\t\t\t<div class=\"elementor-element elementor-element-c80b3db elementor-widget elementor-widget-heading\" data-id=\"c80b3db\" data-element_type=\"widget\" data-e-type=\"widget\" data-settings=\"{&quot;ekit_we_effect_on&quot;:&quot;none&quot;}\" data-widget_type=\"heading.default\">\n\t\t\t\t\t<h2 class=\"elementor-heading-title elementor-size-default\">GLASS ROOF TECHNICAL SPECIFICATIONS<\/h2>\t\t\t\t<\/div>\n\t\t\t\t\t<\/div>\n\t\t\t\t<\/div>\n\t\t<div class=\"elementor-element elementor-element-331fac5 e-flex e-con-boxed e-con e-parent\" data-id=\"331fac5\" data-element_type=\"container\" data-e-type=\"container\" data-settings=\"{&quot;ekit_has_onepagescroll_dot&quot;:&quot;yes&quot;}\">\n\t\t\t\t\t<div class=\"e-con-inner\">\n\t\t\t\t<div class=\"elementor-element elementor-element-a715b0b elementor-widget elementor-widget-text-editor\" data-id=\"a715b0b\" data-element_type=\"widget\" data-e-type=\"widget\" data-settings=\"{&quot;ekit_we_effect_on&quot;:&quot;none&quot;}\" data-widget_type=\"text-editor.default\">\n\t\t\t\t\t\t\t\t\t<ul><li data-start=\"207\" data-end=\"300\"><p data-start=\"210\" data-end=\"300\">The system incorporates 4+16+4 and 4+11+4+4 laminated toughened insulating glass units.<\/p><\/li><li data-start=\"302\" data-end=\"385\"><p data-start=\"305\" data-end=\"385\">The double-glazing system used ensures high thermal insulation in the windows.<\/p><\/li><li data-start=\"387\" data-end=\"483\"><p data-start=\"390\" data-end=\"483\">The system can be manufactured with 2, 3, 4 or 5 compartments, as required.<\/p><\/li><li data-start=\"485\" data-end=\"651\"><p data-start=\"488\" data-end=\"651\">The side rails measure 182 \u00d7 117 mm and have a wall thickness of 3 mm. This allows them to be installed without the need for a steel structure for spans of up to 650 cm.<\/p><\/li><li data-start=\"653\" data-end=\"901\"><p data-start=\"656\" data-end=\"901\">The maximum fa\u00e7ade and opening dimensions can be implemented as 200 \u00d7 400 cm in a single module. Alternatively, the fa\u00e7ade opening can be up to 135 \u00d7 800 cm in a single module. This design ensures that the quality of the view of the sky is maintained at the highest level.<\/p><\/li><li data-start=\"903\" data-end=\"1044\"><p data-start=\"906\" data-end=\"1044\">On the side rails, eight stainless steel bearings are used on each sash to ensure that the glass panels move smoothly and quietly.<\/p><\/li><li data-start=\"1046\" data-end=\"1155\"><p data-start=\"1049\" data-end=\"1155\">The integrated additional gutter system on the side rails ensures maximum waterproofing.<\/p><\/li><li data-start=\"1157\" data-end=\"1279\"><p data-start=\"1160\" data-end=\"1279\">The front leg profiles in the system measure 128 \u00d7 170 \u00d7 3 mm, whilst the front channel profiles measure 170 \u00d7 128 \u00d7 3 mm.<\/p><\/li><li data-start=\"1281\" data-end=\"1456\"><p data-start=\"1284\" data-end=\"1456\">Thanks to the modular side rails incorporated into the system, repairs or maintenance can be carried out without dismantling the product in the event of alterations or broken glass.<\/p><\/li><li data-start=\"1458\" data-end=\"1634\"><p data-start=\"1462\" data-end=\"1634\">The systems can be controlled via remote control, buttons or a mobile phone. Rain, sun and wind sensors can be integrated as an option.<\/p><\/li><li data-start=\"1636\" data-end=\"1792\"><p data-start=\"1640\" data-end=\"1792\">A T-10 timing belt is used to ensure that the windows operate smoothly and without any problems. The system does not require a lock when in the closed position.<\/p><\/li><li data-start=\"1794\" data-end=\"1924\"><p data-start=\"1798\" data-end=\"1924\">Optional hidden LED lighting can be used in the system. The light level can be adjusted using the dimmer function.<\/p><\/li><li data-start=\"1926\" data-end=\"2050\"><p data-start=\"1930\" data-end=\"2050\">Upon request, the ceiling curtain system developed through R&amp;D work can be installed at the bottom of the system.<\/p><\/li><\/ul>\t\t\t\t\t\t\t\t<\/div>\n\t\t\t\t\t<\/div>\n\t\t\t\t<\/div>\n\t\t\t\t<section class=\"elementor-section elementor-top-section elementor-element elementor-element-c89165b elementor-section-content-middle elementor-section-boxed elementor-section-height-default elementor-section-height-default\" data-id=\"c89165b\" data-element_type=\"section\" data-e-type=\"section\" data-settings=\"{&quot;background_background&quot;:&quot;classic&quot;,&quot;ekit_has_onepagescroll_dot&quot;:&quot;yes&quot;}\">\n\t\t\t\t\t\t\t<div class=\"elementor-background-overlay\"><\/div>\n\t\t\t\t\t\t\t<div class=\"elementor-container elementor-column-gap-no\">\n\t\t\t\t\t<div class=\"elementor-column elementor-col-50 elementor-top-column elementor-element elementor-element-a3bd3ad\" data-id=\"a3bd3ad\" data-element_type=\"column\" data-e-type=\"column\">\n\t\t\t<div class=\"elementor-widget-wrap elementor-element-populated\">\n\t\t\t\t\t\t<div class=\"elementor-element elementor-element-57756ef elementor-widget elementor-widget-heading\" data-id=\"57756ef\" data-element_type=\"widget\" data-e-type=\"widget\" data-settings=\"{&quot;ekit_we_effect_on&quot;:&quot;none&quot;}\" data-widget_type=\"heading.default\">\n\t\t\t\t\t<h2 class=\"elementor-heading-title elementor-size-default\">How can we help you?<\/h2>\t\t\t\t<\/div>\n\t\t\t\t<div class=\"elementor-element elementor-element-8bc75d2 elementor-widget elementor-widget-elementskit-heading\" data-id=\"8bc75d2\" data-element_type=\"widget\" data-e-type=\"widget\" data-settings=\"{&quot;ekit_we_effect_on&quot;:&quot;none&quot;}\" data-widget_type=\"elementskit-heading.default\">\n\t\t\t\t\t<div class=\"ekit-wid-con\" ><div class=\"ekit-heading elementskit-section-title-wraper text_left   ekit_heading_tablet-   ekit_heading_mobile-\"><h2 class=\"ekit-heading--title elementskit-section-title \">Get in touch now<\/h2><\/div><\/div>\t\t\t\t<\/div>\n\t\t\t\t<div class=\"elementor-element elementor-element-d5dfdcc elementor-widget elementor-widget-text-editor\" data-id=\"d5dfdcc\" data-element_type=\"widget\" data-e-type=\"widget\" data-settings=\"{&quot;ekit_we_effect_on&quot;:&quot;none&quot;}\" data-widget_type=\"text-editor.default\">\n\t\t\t\t\t\t\t\t\t<p>Please get in touch with us if you have any questions. Our professional team will be delighted to assist you.<\/p>\t\t\t\t\t\t\t\t<\/div>\n\t\t\t\t\t<\/div>\n\t\t<\/div>\n\t\t\t\t<div class=\"elementor-column elementor-col-50 elementor-top-column elementor-element elementor-element-4aa3e40\" data-id=\"4aa3e40\" data-element_type=\"column\" data-e-type=\"column\">\n\t\t\t<div class=\"elementor-widget-wrap elementor-element-populated\">\n\t\t\t\t\t\t<div class=\"elementor-element elementor-element-0d12873 elementor-widget-elementskit-dual-button-center elementor-widget elementor-widget-elementskit-dual-button\" data-id=\"0d12873\" data-element_type=\"widget\" data-e-type=\"widget\" data-settings=\"{&quot;ekit_we_effect_on&quot;:&quot;none&quot;}\" data-widget_type=\"elementskit-dual-button.default\">\n\t\t\t\t\t<div class=\"ekit-wid-con\" >\n                <div class=\"ekit-element-align-wrapper\">\n                    <div class=\"ekit_double_button\">                <a class=\"ekit-double-btn ekit-double-btn-one\" href=\"https:\/\/sunlinepergola.com\/en\/contact\/\">\n                    <i aria-hidden=\"true\" class=\"icon icon-phone1\"><\/i>Contact Us                <\/a>\n            \n            <a class=\"ekit-double-btn ekit-double-btn-two\" href=\"https:\/\/sunlinepergola.com\/en\/our-services\/\">\n                    What do we do?                <\/a>\n                  <\/div>\n                <\/div>\n            <\/div>\t\t\t\t<\/div>\n\t\t\t\t\t<\/div>\n\t\t<\/div>\n\t\t\t\t\t<\/div>\n\t\t<\/section>\n\t\t\t\t<\/div>\n\t\t","protected":false},"excerpt":{"rendered":"<p>Glass Roof Systems Home Glass Roof Systems Glass Roof Systems DOWNLOAD CATALOGUE The Automatic Glass Roof System is a roof system that opens and closes via a remote control. The heat-insulated glass helps you save energy. It protects you from the cold and heat whilst allowing you to make the most of natural light. You [&hellip;]<\/p>\n","protected":false},"author":1,"featured_media":0,"parent":0,"menu_order":0,"comment_status":"closed","ping_status":"closed","template":"elementor_header_footer","meta":{"footnotes":""},"class_list":["post-323","page","type-page","status-publish","hentry"],"_links":{"self":[{"href":"https:\/\/sunlinepergola.com\/en\/wp-json\/wp\/v2\/pages\/323","targetHints":{"allow":["GET"]}}],"collection":[{"href":"https:\/\/sunlinepergola.com\/en\/wp-json\/wp\/v2\/pages"}],"about":[{"href":"https:\/\/sunlinepergola.com\/en\/wp-json\/wp\/v2\/types\/page"}],"author":[{"embeddable":true,"href":"https:\/\/sunlinepergola.com\/en\/wp-json\/wp\/v2\/users\/1"}],"replies":[{"embeddable":true,"href":"https:\/\/sunlinepergola.com\/en\/wp-json\/wp\/v2\/comments?post=323"}],"version-history":[{"count":14,"href":"https:\/\/sunlinepergola.com\/en\/wp-json\/wp\/v2\/pages\/323\/revisions"}],"predecessor-version":[{"id":859,"href":"https:\/\/sunlinepergola.com\/en\/wp-json\/wp\/v2\/pages\/323\/revisions\/859"}],"wp:attachment":[{"href":"https:\/\/sunlinepergola.com\/en\/wp-json\/wp\/v2\/media?parent=323"}],"curies":[{"name":"wp","href":"https:\/\/api.w.org\/{rel}","templated":true}]}}